{"id":26,"date":"2023-04-01T17:25:31","date_gmt":"2023-04-01T20:25:31","guid":{"rendered":"https:\/\/partiutrancoso.com.br\/?page_id=26"},"modified":"2023-08-28T16:35:47","modified_gmt":"2023-08-28T19:35:47","slug":"como-chegar-de-carro-ate-trancoso","status":"publish","type":"page","link":"https:\/\/partiutrancoso.com.br\/index.php\/como-chegar-de-carro-ate-trancoso\/","title":{"rendered":"Dicas para Viajar at\u00e9 Trancoso no seu Carro"},"content":{"rendered":"\n<p>Se voc\u00ea optar por ir de carro, tanto se partir do nordeste como se vier do sul, a rota mais comum \u00e9 pela BR-101 at\u00e9 Eun\u00e1polis, onde voc\u00ea deve pegar a estrada em dire\u00e7\u00e3o a Porto Seguro e, cerca de 35 km depois, pegar a sa\u00edda para Trancoso. Todo esse percurso \u00e9 asfaltado.<\/p>\n\n\n\n<p>No entanto, fique atento, pois alguns navegadores, como o Google Maps, podem indicar uma sa\u00edda quil\u00f4metros antes de Itabela para chegar a Trancoso por uma estrada de terra que passa pelo vilarejo de Itaporanga e atravessa o Vale dos B\u00fafalos. <\/p>\n\n\n\n<p>Embora essa estrada n\u00e3o seja ruim e possa economizar alguns quil\u00f4metros, \u00e9 melhor evit\u00e1-la em \u00e9pocas de chuva (principalmente maio e novembro e dezembro), pois o Vale pode alagar e ficar interditado.<\/p>\n\n\n\n<figure class=\"wp-block-image size-full\"><img loading=\"lazy\" decoding=\"async\" width=\"930\" height=\"698\" src=\"https:\/\/partiutrancoso.com.br\/wp-content\/uploads\/2023\/04\/Como-Chegar-de-Carro-ate-Trancoso.jpg\" alt=\"\" class=\"wp-image-28\" srcset=\"https:\/\/partiutrancoso.com.br\/wp-content\/uploads\/2023\/04\/Como-Chegar-de-Carro-ate-Trancoso.jpg 930w, https:\/\/partiutrancoso.com.br\/wp-content\/uploads\/2023\/04\/Como-Chegar-de-Carro-ate-Trancoso-300x225.jpg 300w, https:\/\/partiutrancoso.com.br\/wp-content\/uploads\/2023\/04\/Como-Chegar-de-Carro-ate-Trancoso-768x576.jpg 768w\" sizes=\"auto, (max-width: 930px) 100vw, 930px\" \/><\/figure>\n\n\n\n<p>A dura\u00e7\u00e3o da viagem ser\u00e1 semelhante em ambas as rotas. Quando pode ser melhor escolher uma ou outra? Em \u00e9poca de chuva, \u00e9 melhor garantir a viagem pelo asfalto, ou pelo menos consultar o estado da via de terra. <\/p>\n\n\n\n<p>Mas na \u00e9poca seca, com a estrada de terra em bom estado e em datas de muito tr\u00e2nsito, como feriados prolongados, pode ser uma boa op\u00e7\u00e3o para evitar a BR 367, que leva at\u00e9 Porto Seguro. Se o seu destino for Cara\u00edva ou a Praia do Espelho, pode ser ainda mais vantajoso.<\/p>\n\n\n\n<figure class=\"wp-block-image size-full is-style-default\"><img loading=\"lazy\" decoding=\"async\" width=\"930\" height=\"632\" src=\"https:\/\/partiutrancoso.com.br\/wp-content\/uploads\/2023\/04\/Como-Chegar-desde-BR-101.jpg\" alt=\"Percurso pela estrada de asfalto para chegar at\u00e9 trancoso de carro\" class=\"wp-image-42\" srcset=\"https:\/\/partiutrancoso.com.br\/wp-content\/uploads\/2023\/04\/Como-Chegar-desde-BR-101.jpg 930w, https:\/\/partiutrancoso.com.br\/wp-content\/uploads\/2023\/04\/Como-Chegar-desde-BR-101-300x204.jpg 300w, https:\/\/partiutrancoso.com.br\/wp-content\/uploads\/2023\/04\/Como-Chegar-desde-BR-101-768x522.jpg 768w\" sizes=\"auto, (max-width: 930px) 100vw, 930px\" \/><\/figure>\n\n\n\n<p>Na imagem superior podemos ver os dois percursos, na cor azul o caminho de asfalto, e na cor cinza a estrada de terra. Vamos ver com detalhe as duas op\u00e7\u00f5es:<\/p>\n\n\n\n<div id=\"ez-toc-container\" class=\"ez-toc-v2_0_82_2 counter-hierarchy ez-toc-counter ez-toc-grey ez-toc-container-direction\">\n<div class=\"ez-toc-title-container\">\n<p class=\"ez-toc-title\" style=\"cursor:inherit\">Tabela de Conte\u00fados<\/p>\n<span class=\"ez-toc-title-toggle\"><a href=\"#\" class=\"ez-toc-pull-right ez-toc-btn ez-toc-btn-xs ez-toc-btn-default ez-toc-toggle\" aria-label=\"Alternar tabela de conte\u00fado\"><span class=\"ez-toc-js-icon-con\"><span class=\"\"><span class=\"eztoc-hide\" style=\"display:none;\">Toggle<\/span><span class=\"ez-toc-icon-toggle-span\"><svg style=\"fill: #999;color:#999\" xmlns=\"http:\/\/www.w3.org\/2000\/svg\" class=\"list-377408\" width=\"20px\" height=\"20px\" viewBox=\"0 0 24 24\" fill=\"none\"><path d=\"M6 6H4v2h2V6zm14 0H8v2h12V6zM4 11h2v2H4v-2zm16 0H8v2h12v-2zM4 16h2v2H4v-2zm16 0H8v2h12v-2z\" fill=\"currentColor\"><\/path><\/svg><svg style=\"fill: #999;color:#999\" class=\"arrow-unsorted-368013\" xmlns=\"http:\/\/www.w3.org\/2000\/svg\" width=\"10px\" height=\"10px\" viewBox=\"0 0 24 24\" version=\"1.2\" baseProfile=\"tiny\"><path d=\"M18.2 9.3l-6.2-6.3-6.2 6.3c-.2.2-.3.4-.3.7s.1.5.3.7c.2.2.4.3.7.3h11c.3 0 .5-.1.7-.3.2-.2.3-.5.3-.7s-.1-.5-.3-.7zM5.8 14.7l6.2 6.3 6.2-6.3c.2-.2.3-.5.3-.7s-.1-.5-.3-.7c-.2-.2-.4-.3-.7-.3h-11c-.3 0-.5.1-.7.3-.2.2-.3.5-.3.7s.1.5.3.7z\"\/><\/svg><\/span><\/span><\/span><\/a><\/span><\/div>\n<nav><ul class='ez-toc-list ez-toc-list-level-1 ' ><li class='ez-toc-page-1 ez-toc-heading-level-2'><a class=\"ez-toc-link ez-toc-heading-1\" href=\"https:\/\/partiutrancoso.com.br\/index.php\/como-chegar-de-carro-ate-trancoso\/#1_CHEGAR_DE_CARRO_ATE_TRANCOSO_PELO_ASFALTO\" >1. CHEGAR DE CARRO AT\u00c9 TRANCOSO PELO ASFALTO<\/a><\/li><li class='ez-toc-page-1 ez-toc-heading-level-2'><a class=\"ez-toc-link ez-toc-heading-2\" href=\"https:\/\/partiutrancoso.com.br\/index.php\/como-chegar-de-carro-ate-trancoso\/#2_CHEGAR_DE_CARRO_ATE_TRANCOSO_PELA_ESTRADA_DE_TERRA\" >2. CHEGAR DE CARRO AT\u00c9 TRANCOSO PELA ESTRADA DE TERRA<\/a><\/li><\/ul><\/nav><\/div>\n<h2 class=\"wp-block-heading\" id=\"aioseo-chegar-de-carro-ate-trancoso-pelo-asfalto\"><span class=\"ez-toc-section\" id=\"1_CHEGAR_DE_CARRO_ATE_TRANCOSO_PELO_ASFALTO\"><\/span>1. CHEGAR DE CARRO AT\u00c9 TRANCOSO PELO ASFALTO<span class=\"ez-toc-section-end\"><\/span><\/h2>\n\n\n\n<p>Para chegar de carro at\u00e9 Trancoso pelo asfalto, teremos que chegar at\u00e9 <a href=\"https:\/\/goo.gl\/maps\/1YjE9HdeRGWrhsjC8\" target=\"_blank\" rel=\"noopener\" title=\"Estrada para Trancoso em Eunapolis\">Eun\u00e1polis<\/a>, na BR 101. Sem sair da estrada principal, chegaremos a uma rotat\u00f3ria onde est\u00e1 indicada a sa\u00edda para Porto Seguro, pela estrada BR 367. Segue abaixo uma imagem da placa vindo do Sul:<\/p>\n\n\n\n<figure class=\"wp-block-image size-full\"><img loading=\"lazy\" decoding=\"async\" width=\"930\" height=\"632\" src=\"https:\/\/partiutrancoso.com.br\/wp-content\/uploads\/2023\/04\/Como-Chegar-desde-BR-101-3.jpg\" alt=\"\" class=\"wp-image-36\" srcset=\"https:\/\/partiutrancoso.com.br\/wp-content\/uploads\/2023\/04\/Como-Chegar-desde-BR-101-3.jpg 930w, https:\/\/partiutrancoso.com.br\/wp-content\/uploads\/2023\/04\/Como-Chegar-desde-BR-101-3-300x204.jpg 300w, https:\/\/partiutrancoso.com.br\/wp-content\/uploads\/2023\/04\/Como-Chegar-desde-BR-101-3-768x522.jpg 768w\" sizes=\"auto, (max-width: 930px) 100vw, 930px\" \/><\/figure>\n\n\n\n<p>Devemos atravessar Eun\u00e1polis com cuidado, pois a velocidade est\u00e1 limitada a 40 km\/h e h\u00e1 muitos radares. Depois de deixar Eun\u00e1polis, avan\u00e7aremos pela <a href=\"https:\/\/goo.gl\/maps\/MpimQha1ysg44tbw5\" target=\"_blank\" rel=\"noopener\" title=\"Desvio Para Trancoso\">estrada BR 367 por cerca de 35 km at\u00e9 a pr\u00f3xima interse\u00e7\u00e3o<\/a>, onde devemos tomar a sa\u00edda em dire\u00e7\u00e3o a Trancoso, pela BA 001. \u00c9 importante prestar aten\u00e7\u00e3o, pois a sinaliza\u00e7\u00e3o n\u00e3o \u00e9 muito clara e a placa indicativa \u00e9 pequena.<\/p>\n\n\n\n<figure class=\"wp-block-image size-full\"><img loading=\"lazy\" decoding=\"async\" width=\"930\" height=\"632\" src=\"https:\/\/partiutrancoso.com.br\/wp-content\/uploads\/2023\/04\/Como-Chegar-desde-BR-101-4.jpg\" alt=\"\" class=\"wp-image-37\" srcset=\"https:\/\/partiutrancoso.com.br\/wp-content\/uploads\/2023\/04\/Como-Chegar-desde-BR-101-4.jpg 930w, https:\/\/partiutrancoso.com.br\/wp-content\/uploads\/2023\/04\/Como-Chegar-desde-BR-101-4-300x204.jpg 300w, https:\/\/partiutrancoso.com.br\/wp-content\/uploads\/2023\/04\/Como-Chegar-desde-BR-101-4-768x522.jpg 768w\" sizes=\"auto, (max-width: 930px) 100vw, 930px\" \/><\/figure>\n\n\n\n<p>Agora avan\u00e7aremos na BA 001 at\u00e9 chegar em Trancoso. Durante o caminho, encontraremos duas interse\u00e7\u00f5es: <a href=\"https:\/\/goo.gl\/maps\/nJ1zKyMEo7n5B2P2A\" target=\"_blank\" rel=\"noopener\" title=\"Interse\u00e7\u00e3o Trancoso - Arraial D'\u00c1juda\">uma para chegar a Arraial d&#8217;Ajuda<\/a> e, j\u00e1 perto de Trancoso, outra para continuar <a href=\"https:\/\/goo.gl\/maps\/LbkpPrw3f65xeddj7\" target=\"_blank\" rel=\"noopener\" title=\"Trevo Trancoso - Cara\u00edva\">at\u00e9 Cara\u00edva e a Praia do Espelho<\/a>. \u00c9 importante prestar aten\u00e7\u00e3o \u00e0s placas indicativas para n\u00e3o errar o caminho. Atualmente, essa estrada est\u00e1 sendo asfaltada (abril de 2023), mas o asfalto n\u00e3o dura muito tempo em bom estado e costuma ter muitos buracos. Por isso, recomendamos dirigir com prud\u00eancia.<\/p>\n\n\n\n<figure class=\"wp-block-image size-full\"><img loading=\"lazy\" decoding=\"async\" width=\"930\" height=\"632\" src=\"https:\/\/partiutrancoso.com.br\/wp-content\/uploads\/2023\/04\/Como-Chegar-desde-BR-101-5.jpg\" alt=\"\" class=\"wp-image-38\" srcset=\"https:\/\/partiutrancoso.com.br\/wp-content\/uploads\/2023\/04\/Como-Chegar-desde-BR-101-5.jpg 930w, https:\/\/partiutrancoso.com.br\/wp-content\/uploads\/2023\/04\/Como-Chegar-desde-BR-101-5-300x204.jpg 300w, https:\/\/partiutrancoso.com.br\/wp-content\/uploads\/2023\/04\/Como-Chegar-desde-BR-101-5-768x522.jpg 768w\" sizes=\"auto, (max-width: 930px) 100vw, 930px\" \/><\/figure>\n\n\n\n<p>Nessa interse\u00e7\u00e3o com rotat\u00f3ria, devemos seguir em frente<\/p>\n\n\n\n<figure class=\"wp-block-image size-full\"><img loading=\"lazy\" decoding=\"async\" width=\"930\" height=\"632\" src=\"https:\/\/partiutrancoso.com.br\/wp-content\/uploads\/2023\/04\/Como-Chegar-desde-BR-101-6.jpg\" alt=\"\" class=\"wp-image-39\" srcset=\"https:\/\/partiutrancoso.com.br\/wp-content\/uploads\/2023\/04\/Como-Chegar-desde-BR-101-6.jpg 930w, https:\/\/partiutrancoso.com.br\/wp-content\/uploads\/2023\/04\/Como-Chegar-desde-BR-101-6-300x204.jpg 300w, https:\/\/partiutrancoso.com.br\/wp-content\/uploads\/2023\/04\/Como-Chegar-desde-BR-101-6-768x522.jpg 768w\" sizes=\"auto, (max-width: 930px) 100vw, 930px\" \/><\/figure>\n\n\n\n<p>Essa \u00e9 a \u00faltima interse\u00e7\u00e3o na entrada de Trancoso, conhecida como o trevo. Devemos pegar a sa\u00edda \u00e0 esquerda. Se continuarmos em frente, chegaremos a Cara\u00edva pela estrada de terra. Depois disso, a poucos quil\u00f4metros, chegara a seu destino, a vila de Trancoso<\/p>\n\n\n\n<hr class=\"wp-block-separator has-alpha-channel-opacity is-style-wide\"\/>\n\n\n\n<h2 class=\"wp-block-heading\" id=\"aioseo-chegar-de-carro-ate-trancoso-pela-terra\"><span class=\"ez-toc-section\" id=\"2_CHEGAR_DE_CARRO_ATE_TRANCOSO_PELA_ESTRADA_DE_TERRA\"><\/span>2. CHEGAR DE CARRO AT\u00c9 TRANCOSO PELA ESTRADA DE TERRA<span class=\"ez-toc-section-end\"><\/span><\/h2>\n\n\n\n<p>Se voc\u00ea tem alma off-road, talvez prefira a op\u00e7\u00e3o da estrada de terra. Geralmente, ela est\u00e1 em bom estado at\u00e9 o vilarejo de Itaporanga. O ponto cr\u00edtico, principalmente em maio, novembro e dezembro, \u00e9 o Vale dos B\u00fafalos, que pode ficar alagado durante a \u00e9poca de chuvas.<\/p>\n\n\n\n<figure class=\"wp-block-image size-full\"><img loading=\"lazy\" decoding=\"async\" width=\"930\" height=\"632\" src=\"https:\/\/partiutrancoso.com.br\/wp-content\/uploads\/2023\/04\/Como-Chegar-desde-BR-101-2.jpg\" alt=\"\" class=\"wp-image-35\" srcset=\"https:\/\/partiutrancoso.com.br\/wp-content\/uploads\/2023\/04\/Como-Chegar-desde-BR-101-2.jpg 930w, https:\/\/partiutrancoso.com.br\/wp-content\/uploads\/2023\/04\/Como-Chegar-desde-BR-101-2-300x204.jpg 300w, https:\/\/partiutrancoso.com.br\/wp-content\/uploads\/2023\/04\/Como-Chegar-desde-BR-101-2-768x522.jpg 768w\" sizes=\"auto, (max-width: 930px) 100vw, 930px\" \/><\/figure>\n\n\n\n<p><a href=\"https:\/\/goo.gl\/maps\/1MY71gaxRybpk5sy6\" target=\"_blank\" rel=\"noopener\" title=\"Estrada de terra at\u00e9 Trancoso - Cara\u00edva\">Essa \u00e9 a sa\u00edda na BR 101 para a estrada de terra<\/a>, que fica antes de chegar a Itabela vindo do sul. Embora n\u00e3o esteja bem sinalizada, aplicativos de GPS como o Google Maps podem indicar a entrada por ela.<\/p>\n\n\n\n<p>Pode haver bifurca\u00e7\u00f5es, por isso, \u00e9 recomend\u00e1vel seguir o caminho mais marcado e as indica\u00e7\u00f5es do navegador. Finalmente, voc\u00ea chegar\u00e1 a Itaporanga.<\/p>\n\n\n\n<figure class=\"wp-block-image size-full\"><img loading=\"lazy\" decoding=\"async\" width=\"930\" height=\"632\" src=\"https:\/\/partiutrancoso.com.br\/wp-content\/uploads\/2023\/04\/Como-Chegar-desde-BR-101-7.jpg\" alt=\"\" class=\"wp-image-40\" srcset=\"https:\/\/partiutrancoso.com.br\/wp-content\/uploads\/2023\/04\/Como-Chegar-desde-BR-101-7.jpg 930w, https:\/\/partiutrancoso.com.br\/wp-content\/uploads\/2023\/04\/Como-Chegar-desde-BR-101-7-300x204.jpg 300w, https:\/\/partiutrancoso.com.br\/wp-content\/uploads\/2023\/04\/Como-Chegar-desde-BR-101-7-768x522.jpg 768w\" sizes=\"auto, (max-width: 930px) 100vw, 930px\" \/><\/figure>\n\n\n\n<p>Ao chegar ao <a href=\"https:\/\/goo.gl\/maps\/TSRYgqY18Q41rjQB6\" target=\"_blank\" rel=\"noopener\" title=\"Interse\u00e7\u00e3o em Itaporanga\">ponto indicado na imagem acima<\/a>, \u00e9 necess\u00e1rio virar \u00e0 esquerda. Se seguirmos \u00e0 direita, continuaremos em dire\u00e7\u00e3o \u00e0 Praia do Espelho e a Cara\u00edva. Itaporanga \u00e9 um vilarejo que abriga uma comunidade ind\u00edgena, onde \u00e9 poss\u00edvel encontrar lojas de artesanato ind\u00edgena \u00e0 beira da estrada. Essa \u00e9 uma \u00f3tima oportunidade para fazer algumas compras e conhecer mais sobre a cultura local.<\/p>\n\n\n\n<p>H\u00e1 tamb\u00e9m varias padarias em Itaporanga, onde \u00e9 poss\u00edvel descansar da viagem e desfrutar de um lanche ou uma bebida refrescante.<\/p>\n\n\n\n<figure class=\"wp-block-image size-full\"><img loading=\"lazy\" decoding=\"async\" width=\"930\" height=\"632\" src=\"https:\/\/partiutrancoso.com.br\/wp-content\/uploads\/2023\/04\/Como-Chegar-desde-BR-101-8.jpg\" alt=\"\" class=\"wp-image-41\" srcset=\"https:\/\/partiutrancoso.com.br\/wp-content\/uploads\/2023\/04\/Como-Chegar-desde-BR-101-8.jpg 930w, https:\/\/partiutrancoso.com.br\/wp-content\/uploads\/2023\/04\/Como-Chegar-desde-BR-101-8-300x204.jpg 300w, https:\/\/partiutrancoso.com.br\/wp-content\/uploads\/2023\/04\/Como-Chegar-desde-BR-101-8-768x522.jpg 768w\" sizes=\"auto, (max-width: 930px) 100vw, 930px\" \/><\/figure>\n\n\n\n<p>Continuando pela estrada de terra, voc\u00ea vai descer at\u00e9 o Vale dos B\u00fafalos, em seguida, enfrentar\u00e1 um percurso com subidas, descidas e curvas, e finalmente sair\u00e1 nesse ponto da foto superior, conhecido como Trevo de Trancoso, que \u00e9 a interse\u00e7\u00e3o onde voc\u00ea volta para o asfalto. A poucos quil\u00f4metros dali, voc\u00ea chegar\u00e1 ao seu destino, a vila de Trancoso.<\/p>\n\n\n\n<div style=\"height:41px\" aria-hidden=\"true\" class=\"wp-block-spacer\"><\/div>\n\n\n\n<div class=\"wp-block-group is-content-justification-center is-nowrap is-layout-flex wp-container-core-group-is-layout-23441af8 wp-block-group-is-layout-flex\">\n<object data=\"https:\/\/widgets.rentcars.com\/widget-v3.html?requestor=6912&#038;locale=pt-br&#038;utm_source=partiutrancoso.com.br&#038;utm_medium=afiliado-widget\" width=\"300\" height=\"330\" ><\/object>\n<\/div>\n\n\n\n<hr class=\"wp-block-separator has-alpha-channel-opacity is-style-wide\"\/>\n\n\n\n<p>Siga-nos no Instagram:<\/p>\n\n\n\n<ul class=\"wp-block-social-links has-large-icon-size has-icon-color is-style-logos-only is-content-justification-center is-layout-flex wp-container-core-social-links-is-layout-a89b3969 wp-block-social-links-is-layout-flex\"><li style=\"color: #abc310; \" class=\"wp-social-link wp-social-link-instagram  wp-block-social-link\"><a rel=\"noopener nofollow\" target=\"_blank\" href=\"https:\/\/www.instagram.com\/partiu_trancoso\" class=\"wp-block-social-link-anchor\"><svg width=\"24\" height=\"24\" viewBox=\"0 0 24 24\" version=\"1.1\" xmlns=\"http:\/\/www.w3.org\/2000\/svg\" aria-hidden=\"true\" focusable=\"false\"><path d=\"M12,4.622c2.403,0,2.688,0.009,3.637,0.052c0.877,0.04,1.354,0.187,1.671,0.31c0.42,0.163,0.72,0.358,1.035,0.673 c0.315,0.315,0.51,0.615,0.673,1.035c0.123,0.317,0.27,0.794,0.31,1.671c0.043,0.949,0.052,1.234,0.052,3.637 s-0.009,2.688-0.052,3.637c-0.04,0.877-0.187,1.354-0.31,1.671c-0.163,0.42-0.358,0.72-0.673,1.035 c-0.315,0.315-0.615,0.51-1.035,0.673c-0.317,0.123-0.794,0.27-1.671,0.31c-0.949,0.043-1.233,0.052-3.637,0.052 s-2.688-0.009-3.637-0.052c-0.877-0.04-1.354-0.187-1.671-0.31c-0.42-0.163-0.72-0.358-1.035-0.673 c-0.315-0.315-0.51-0.615-0.673-1.035c-0.123-0.317-0.27-0.794-0.31-1.671C4.631,14.688,4.622,14.403,4.622,12 s0.009-2.688,0.052-3.637c0.04-0.877,0.187-1.354,0.31-1.671c0.163-0.42,0.358-0.72,0.673-1.035 c0.315-0.315,0.615-0.51,1.035-0.673c0.317-0.123,0.794-0.27,1.671-0.31C9.312,4.631,9.597,4.622,12,4.622 M12,3 C9.556,3,9.249,3.01,8.289,3.054C7.331,3.098,6.677,3.25,6.105,3.472C5.513,3.702,5.011,4.01,4.511,4.511 c-0.5,0.5-0.808,1.002-1.038,1.594C3.25,6.677,3.098,7.331,3.054,8.289C3.01,9.249,3,9.556,3,12c0,2.444,0.01,2.751,0.054,3.711 c0.044,0.958,0.196,1.612,0.418,2.185c0.23,0.592,0.538,1.094,1.038,1.594c0.5,0.5,1.002,0.808,1.594,1.038 c0.572,0.222,1.227,0.375,2.185,0.418C9.249,20.99,9.556,21,12,21s2.751-0.01,3.711-0.054c0.958-0.044,1.612-0.196,2.185-0.418 c0.592-0.23,1.094-0.538,1.594-1.038c0.5-0.5,0.808-1.002,1.038-1.594c0.222-0.572,0.375-1.227,0.418-2.185 C20.99,14.751,21,14.444,21,12s-0.01-2.751-0.054-3.711c-0.044-0.958-0.196-1.612-0.418-2.185c-0.23-0.592-0.538-1.094-1.038-1.594 c-0.5-0.5-1.002-0.808-1.594-1.038c-0.572-0.222-1.227-0.375-2.185-0.418C14.751,3.01,14.444,3,12,3L12,3z M12,7.378 c-2.552,0-4.622,2.069-4.622,4.622S9.448,16.622,12,16.622s4.622-2.069,4.622-4.622S14.552,7.378,12,7.378z M12,15 c-1.657,0-3-1.343-3-3s1.343-3,3-3s3,1.343,3,3S13.657,15,12,15z M16.804,6.116c-0.596,0-1.08,0.484-1.08,1.08 s0.484,1.08,1.08,1.08c0.596,0,1.08-0.484,1.08-1.08S17.401,6.116,16.804,6.116z\"><\/path><\/svg><span class=\"wp-block-social-link-label screen-reader-text\">Partiu Trancoso!<\/span><\/a><\/li><\/ul>\n","protected":false},"excerpt":{"rendered":"<p>Se voc\u00ea optar por ir de carro, tanto se partir do nordeste como se vier do sul, a rota mais comum \u00e9 pela BR-101 at\u00e9 Eun\u00e1polis, onde voc\u00ea deve pegar a estrada em dire\u00e7\u00e3o a Porto Seguro e, cerca de 35 km depois, pegar a sa\u00edda para Trancoso. Todo esse percurso \u00e9 asfaltado. No entanto, [&hellip;]<\/p>\n","protected":false},"author":1,"featured_media":19,"parent":0,"menu_order":0,"comment_status":"closed","ping_status":"closed","template":"","meta":{"om_disable_all_campaigns":false,"_uag_custom_page_level_css":"","site-sidebar-layout":"default","site-content-layout":"","ast-site-content-layout":"","site-content-style":"default","site-sidebar-style":"default","ast-global-header-display":"","ast-banner-title-visibility":"","ast-main-header-display":"","ast-hfb-above-header-display":"","ast-hfb-below-header-display":"","ast-hfb-mobile-header-display":"","site-post-title":"","ast-breadcrumbs-content":"","ast-featured-img":"","footer-sml-layout":"","theme-transparent-header-meta":"","adv-header-id-meta":"","stick-header-meta":"","header-above-stick-meta":"","header-main-stick-meta":"","header-below-stick-meta":"","astra-migrate-meta-layouts":"default","ast-page-background-enabled":"default","ast-page-background-meta":{"desktop":{"background-color":"","background-image":"","background-repeat":"repeat","background-position":"center center","background-size":"auto","background-attachment":"scroll","background-type":"","background-media":"","overlay-type":"","overlay-color":"","overlay-gradient":""},"tablet":{"background-color":"","background-image":"","background-repeat":"repeat","background-position":"center center","background-size":"auto","background-attachment":"scroll","background-type":"","background-media":"","overlay-type":"","overlay-color":"","overlay-gradient":""},"mobile":{"background-color":"","background-image":"","background-repeat":"repeat","background-position":"center center","background-size":"auto","background-attachment":"scroll","background-type":"","background-media":"","overlay-type":"","overlay-color":"","overlay-gradient":""}},"ast-content-background-meta":{"desktop":{"background-color":"var(--ast-global-color-5)","background-image":"","background-repeat":"repeat","background-position":"center center","background-size":"auto","background-attachment":"scroll","background-type":"","background-media":"","overlay-type":"","overlay-color":"","overlay-gradient":""},"tablet":{"background-color":"var(--ast-global-color-5)","background-image":"","background-repeat":"repeat","background-position":"center center","background-size":"auto","background-attachment":"scroll","background-type":"","background-media":"","overlay-type":"","overlay-color":"","overlay-gradient":""},"mobile":{"background-color":"var(--ast-global-color-5)","background-image":"","background-repeat":"repeat","background-position":"center center","background-size":"auto","background-attachment":"scroll","background-type":"","background-media":"","overlay-type":"","overlay-color":"","overlay-gradient":""}},"footnotes":""},"class_list":["post-26","page","type-page","status-publish","has-post-thumbnail","hentry"],"aioseo_notices":[],"uagb_featured_image_src":{"full":["https:\/\/partiutrancoso.com.br\/wp-content\/uploads\/2023\/04\/Viajar-para-Trancoso-4.jpg",930,697,false],"thumbnail":["https:\/\/partiutrancoso.com.br\/wp-content\/uploads\/2023\/04\/Viajar-para-Trancoso-4-150x150.jpg",150,150,true],"medium":["https:\/\/partiutrancoso.com.br\/wp-content\/uploads\/2023\/04\/Viajar-para-Trancoso-4-300x225.jpg",300,225,true],"medium_large":["https:\/\/partiutrancoso.com.br\/wp-content\/uploads\/2023\/04\/Viajar-para-Trancoso-4-768x576.jpg",768,576,true],"large":["https:\/\/partiutrancoso.com.br\/wp-content\/uploads\/2023\/04\/Viajar-para-Trancoso-4.jpg",930,697,false],"1536x1536":["https:\/\/partiutrancoso.com.br\/wp-content\/uploads\/2023\/04\/Viajar-para-Trancoso-4.jpg",930,697,false],"2048x2048":["https:\/\/partiutrancoso.com.br\/wp-content\/uploads\/2023\/04\/Viajar-para-Trancoso-4.jpg",930,697,false]},"uagb_author_info":{"display_name":"Partiu Trancoso","author_link":"https:\/\/partiutrancoso.com.br\/index.php\/author\/jorge\/"},"uagb_comment_info":0,"uagb_excerpt":"Se voc\u00ea optar por ir de carro, tanto se partir do nordeste como se vier do sul, a rota mais comum \u00e9 pela BR-101 at\u00e9 Eun\u00e1polis, onde voc\u00ea deve pegar a estrada em dire\u00e7\u00e3o a Porto Seguro e, cerca de 35 km depois, pegar a sa\u00edda para Trancoso. Todo esse percurso \u00e9 asfaltado. No entanto,&hellip;","_links":{"self":[{"href":"https:\/\/partiutrancoso.com.br\/index.php\/wp-json\/wp\/v2\/pages\/26","targetHints":{"allow":["GET"]}}],"collection":[{"href":"https:\/\/partiutrancoso.com.br\/index.php\/wp-json\/wp\/v2\/pages"}],"about":[{"href":"https:\/\/partiutrancoso.com.br\/index.php\/wp-json\/wp\/v2\/types\/page"}],"author":[{"embeddable":true,"href":"https:\/\/partiutrancoso.com.br\/index.php\/wp-json\/wp\/v2\/users\/1"}],"replies":[{"embeddable":true,"href":"https:\/\/partiutrancoso.com.br\/index.php\/wp-json\/wp\/v2\/comments?post=26"}],"version-history":[{"count":24,"href":"https:\/\/partiutrancoso.com.br\/index.php\/wp-json\/wp\/v2\/pages\/26\/revisions"}],"predecessor-version":[{"id":1036,"href":"https:\/\/partiutrancoso.com.br\/index.php\/wp-json\/wp\/v2\/pages\/26\/revisions\/1036"}],"wp:featuredmedia":[{"embeddable":true,"href":"https:\/\/partiutrancoso.com.br\/index.php\/wp-json\/wp\/v2\/media\/19"}],"wp:attachment":[{"href":"https:\/\/partiutrancoso.com.br\/index.php\/wp-json\/wp\/v2\/media?parent=26"}],"curies":[{"name":"wp","href":"https:\/\/api.w.org\/{rel}","templated":true}]}}