{"id":395,"date":"2023-04-11T19:00:37","date_gmt":"2023-04-11T22:00:37","guid":{"rendered":"https:\/\/partiutrancoso.com.br\/?page_id=395"},"modified":"2023-08-28T17:43:03","modified_gmt":"2023-08-28T20:43:03","slug":"sua-melhor-escolha-em-trancoso-de-condominio-ou-casa-de-temporada","status":"publish","type":"page","link":"https:\/\/partiutrancoso.com.br\/index.php\/sua-melhor-escolha-em-trancoso-de-condominio-ou-casa-de-temporada\/","title":{"rendered":"Guia para Escolher em Trancoso sua Casa de Temporada"},"content":{"rendered":"\n<p>Se voc\u00ea est\u00e1 planejando uma viagem em fam\u00edlia ou com um grupo de amigos, alugar uma casa de temporada em Trancoso pode ser uma excelente escolha. No entanto, se voc\u00ea n\u00e3o conhece a regi\u00e3o, pode ter d\u00favidas sobre qual \u00e9 a melhor localiza\u00e7\u00e3o para a casa &#8211; se na rua ou em algum condom\u00ednio.<\/p>\n\n\n\n<p>A escolha da localiza\u00e7\u00e3o depender\u00e1 das suas prefer\u00eancias e necessidades. Se voc\u00ea tem um ve\u00edculo dispon\u00edvel para se deslocar, pode escolher uma casa em um bairro mais afastado ou em um condom\u00ednio. Por outro lado, se prefere se deslocar a p\u00e9 e esquecer do carro, pode escolher uma casa localizada no Quadrado ou nos bairros do centro de Trancoso.<\/p>\n\n\n\n<p>\u00c9 importante lembrar que, em termos de seguran\u00e7a, Trancoso \u00e9 uma vila segura e tranquila, ent\u00e3o n\u00e3o h\u00e1 problemas em escolher qualquer localiza\u00e7\u00e3o.<\/p>\n\n\n\n<p>Existem v\u00e1rios sites na internet onde voc\u00ea pode procurar casas para alugar, como o <a href=\"http:\/\/Booking.com.br\" target=\"_blank\" rel=\"noopener\" title=\"Booking\">Booking<\/a> ou o <a href=\"http:\/\/Airbnb.com.br\" target=\"_blank\" rel=\"noopener\" title=\"AirBnb\">AirBnb<\/a>, al\u00e9m de ag\u00eancias locais em Trancoso. As casas est\u00e3o dispon\u00edveis em v\u00e1rios bairros, como <a href=\"https:\/\/goo.gl\/maps\/5oJFQ6yZguHcZL347\" target=\"_blank\" rel=\"noopener\" title=\"Bairro Jo\u00e3o Vieira\">Jo\u00e3o Vieira<\/a>, <a href=\"https:\/\/goo.gl\/maps\/hryFCv8KLQL1xhAn6\" target=\"_blank\" rel=\"noopener\" title=\"Bairro Piri\">Piri<\/a>, <a href=\"https:\/\/goo.gl\/maps\/qLLvv8Cmw4YCVsXAA\" target=\"_blank\" rel=\"noopener\" title=\"Bairro Colina\">Colina<\/a>, <a href=\"https:\/\/goo.gl\/maps\/qD5cSbnYFviBxgoN9\" target=\"_blank\" rel=\"noopener\" title=\"Estrada dos Macacos\">Estrada dos Macacos<\/a>.<\/p>\n\n\n\n<p>H\u00e1 tamb\u00e9m op\u00e7\u00f5es de condom\u00ednios de alto padr\u00e3o, como Terravista, Fazenda Rio da Barra, Sitio Pedro Grande, Alto do Segredo, Vale do Segredo, Alto dos Cientistas, Altos de Trancoso e Itapororoca. Al\u00e9m disso, existem condom\u00ednios de padr\u00e3o m\u00e9dio, como o Condom\u00ednio Coqueiral, Trancoso Eco Residence, Jardim Floresta, Jardim Fazenda, Condom\u00ednio Icatu, Village Jacaranda e Village Pau Brasil.<\/p>\n\n\n\n<div id=\"ez-toc-container\" class=\"ez-toc-v2_0_82_2 counter-hierarchy ez-toc-counter ez-toc-grey ez-toc-container-direction\">\n<div class=\"ez-toc-title-container\">\n<p class=\"ez-toc-title\" style=\"cursor:inherit\">Tabela de Conte\u00fados<\/p>\n<span class=\"ez-toc-title-toggle\"><a href=\"#\" class=\"ez-toc-pull-right ez-toc-btn ez-toc-btn-xs ez-toc-btn-default ez-toc-toggle\" aria-label=\"Alternar tabela de conte\u00fado\"><span class=\"ez-toc-js-icon-con\"><span class=\"\"><span class=\"eztoc-hide\" style=\"display:none;\">Toggle<\/span><span class=\"ez-toc-icon-toggle-span\"><svg style=\"fill: #999;color:#999\" xmlns=\"http:\/\/www.w3.org\/2000\/svg\" class=\"list-377408\" width=\"20px\" height=\"20px\" viewBox=\"0 0 24 24\" fill=\"none\"><path d=\"M6 6H4v2h2V6zm14 0H8v2h12V6zM4 11h2v2H4v-2zm16 0H8v2h12v-2zM4 16h2v2H4v-2zm16 0H8v2h12v-2z\" fill=\"currentColor\"><\/path><\/svg><svg style=\"fill: #999;color:#999\" class=\"arrow-unsorted-368013\" xmlns=\"http:\/\/www.w3.org\/2000\/svg\" width=\"10px\" height=\"10px\" viewBox=\"0 0 24 24\" version=\"1.2\" baseProfile=\"tiny\"><path d=\"M18.2 9.3l-6.2-6.3-6.2 6.3c-.2.2-.3.4-.3.7s.1.5.3.7c.2.2.4.3.7.3h11c.3 0 .5-.1.7-.3.2-.2.3-.5.3-.7s-.1-.5-.3-.7zM5.8 14.7l6.2 6.3 6.2-6.3c.2-.2.3-.5.3-.7s-.1-.5-.3-.7c-.2-.2-.4-.3-.7-.3h-11c-.3 0-.5.1-.7.3-.2.2-.3.5-.3.7s.1.5.3.7z\"\/><\/svg><\/span><\/span><\/span><\/a><\/span><\/div>\n<nav><ul class='ez-toc-list ez-toc-list-level-1 ' ><li class='ez-toc-page-1 ez-toc-heading-level-2'><a class=\"ez-toc-link ez-toc-heading-1\" href=\"https:\/\/partiutrancoso.com.br\/index.php\/sua-melhor-escolha-em-trancoso-de-condominio-ou-casa-de-temporada\/#BAIRROS_DE_TRANCOSO\" >BAIRROS DE TRANCOSO<\/a><\/li><li class='ez-toc-page-1 ez-toc-heading-level-2'><a class=\"ez-toc-link ez-toc-heading-2\" href=\"https:\/\/partiutrancoso.com.br\/index.php\/sua-melhor-escolha-em-trancoso-de-condominio-ou-casa-de-temporada\/#CONDOMINIOS_DE_ALTO_PADRAO_DE_TRANCOSO\" >CONDOMINIOS DE ALTO PADR\u00c3O DE TRANCOSO<\/a><\/li><li class='ez-toc-page-1 ez-toc-heading-level-2'><a class=\"ez-toc-link ez-toc-heading-3\" href=\"https:\/\/partiutrancoso.com.br\/index.php\/sua-melhor-escolha-em-trancoso-de-condominio-ou-casa-de-temporada\/#CONDOMINIOS_DE_MEDIO_PADRAO\" >CONDOMINIOS DE MEDIO PADR\u00c3O<\/a><\/li><li class='ez-toc-page-1 ez-toc-heading-level-2'><a class=\"ez-toc-link ez-toc-heading-4\" href=\"https:\/\/partiutrancoso.com.br\/index.php\/sua-melhor-escolha-em-trancoso-de-condominio-ou-casa-de-temporada\/#Ainda_Prefere_Hospedar-se_em_uma_pousada_de_Trancoso\" >Ainda Prefere Hospedar-se em uma pousada de Trancoso?<\/a><\/li><\/ul><\/nav><\/div>\n<h2 class=\"wp-block-heading\" id=\"aioseo-bairros-de-trancoso\"><span class=\"ez-toc-section\" id=\"BAIRROS_DE_TRANCOSO\"><\/span>BAIRROS DE TRANCOSO<span class=\"ez-toc-section-end\"><\/span><\/h2>\n\n\n\n<figure class=\"wp-block-image size-full\"><img loading=\"lazy\" decoding=\"async\" width=\"930\" height=\"471\" src=\"https:\/\/partiutrancoso.com.br\/wp-content\/uploads\/2023\/04\/Bairros-turisticos-de-Trancoso.jpg\" alt=\"\" class=\"wp-image-408\" srcset=\"https:\/\/partiutrancoso.com.br\/wp-content\/uploads\/2023\/04\/Bairros-turisticos-de-Trancoso.jpg 930w, https:\/\/partiutrancoso.com.br\/wp-content\/uploads\/2023\/04\/Bairros-turisticos-de-Trancoso-300x152.jpg 300w, https:\/\/partiutrancoso.com.br\/wp-content\/uploads\/2023\/04\/Bairros-turisticos-de-Trancoso-768x389.jpg 768w\" sizes=\"auto, (max-width: 930px) 100vw, 930px\" \/><\/figure>\n\n\n\n<p>Se voc\u00ea est\u00e1 em busca de uma experi\u00eancia mais aut\u00eantica e pr\u00f3xima do dia a dia da vila de Trancoso, ficar hospedado em uma casa nos bairros centrais pr\u00f3ximos ao Quadrado pode ser a melhor op\u00e7\u00e3o. Muitas dessas casas s\u00e3o antigas, mas foram reformadas e mant\u00eam o charme da rusticidade, enquanto outras s\u00e3o mais recentes e modernas.<\/p>\n\n\n\n<p>Al\u00e9m disso, quanto mais pr\u00f3xima a casa estiver do <a href=\"https:\/\/goo.gl\/maps\/d54TBxsZperoFjRV8\" target=\"_blank\" rel=\"noopener\" title=\"Quadrado\">Quadrado<\/a> e das praias, menor ser\u00e1 a necessidade de usar o carro, o que pode ser uma grande vantagem.<\/p>\n\n\n\n<p>No entanto, se voc\u00ea n\u00e3o quer abrir m\u00e3o do conforto de hospedar-se em um condom\u00ednio de alto padr\u00e3o, o <a href=\"https:\/\/goo.gl\/maps\/EQM5V5X6Ld7a5agBA\" target=\"_blank\" rel=\"noopener\" title=\"Condominio Altos de Trancoso\">Altos de Trancoso<\/a> \u00e9 a \u00fanica op\u00e7\u00e3o pr\u00f3xima ao centro que oferece essa possibilidade. Dessa forma, voc\u00ea pode desfrutar dos benef\u00edcios da proximidade com o Quadrado e ainda ter acesso aos benef\u00edcios e comodidades de um condom\u00ednio de luxo.<\/p>\n\n\n\n<hr class=\"wp-block-separator has-alpha-channel-opacity is-style-wide\"\/>\n\n\n\n<h2 class=\"wp-block-heading\" id=\"aioseo-condominios-de-alto-padrao-de-trancoso\"><span class=\"ez-toc-section\" id=\"CONDOMINIOS_DE_ALTO_PADRAO_DE_TRANCOSO\"><\/span>CONDOMINIOS DE ALTO PADR\u00c3O DE TRANCOSO<span class=\"ez-toc-section-end\"><\/span><\/h2>\n\n\n\n<figure class=\"wp-block-image size-full\"><img loading=\"lazy\" decoding=\"async\" width=\"930\" height=\"890\" src=\"https:\/\/partiutrancoso.com.br\/wp-content\/uploads\/2023\/04\/Condominios-de-Trancoso.jpg\" alt=\"\" class=\"wp-image-405\" srcset=\"https:\/\/partiutrancoso.com.br\/wp-content\/uploads\/2023\/04\/Condominios-de-Trancoso.jpg 930w, https:\/\/partiutrancoso.com.br\/wp-content\/uploads\/2023\/04\/Condominios-de-Trancoso-300x287.jpg 300w, https:\/\/partiutrancoso.com.br\/wp-content\/uploads\/2023\/04\/Condominios-de-Trancoso-768x735.jpg 768w\" sizes=\"auto, (max-width: 930px) 100vw, 930px\" \/><\/figure>\n\n\n\n<p>Ao lado direito de Trancoso, em dire\u00e7\u00e3o norte, come\u00e7ando pelo mais afastado, encontra-se o <a href=\"https:\/\/goo.gl\/maps\/Lgx3o2b4yPg22JYo7\" target=\"_blank\" rel=\"noopener\" title=\"Condominio Terravista\">Condom\u00ednio Terravista<\/a>, possivelmente o mais ic\u00f4nico da regi\u00e3o. Embora popularmente seja considerado um condom\u00ednio de Trancoso, est\u00e1 localizado na \u00e1rea do distrito vizinho de Arraial D&#8217;Ajuda.<\/p>\n\n\n\n<p>O n\u00edvel de equipamentos oferecidos \u00e9 elevado, come\u00e7ando por um dos melhores campos de golfe da Am\u00e9rica Latina, um aeroporto privativo e o audit\u00f3rio da L&#8217;Occitane, entre outros. Est\u00e1 situado acima da fal\u00e9sia que d\u00e1 para a Praia das Tartarugas e a Praia de Ta\u00edpe, esta \u00faltima famosa por sediar a festa de R\u00e9veillon mais celebrada da regi\u00e3o.<\/p>\n\n\n\n<p>O Condom\u00ednio Terravista \u00e9 dividido em <a href=\"https:\/\/goo.gl\/maps\/RMe3sKUdKPjwkNaE7\" target=\"_blank\" rel=\"noopener\" title=\"Condominio Villavista Golf\">Villavista Golf<\/a> e <a href=\"https:\/\/goo.gl\/maps\/sDYeQanczqKquiqo9\" target=\"_blank\" rel=\"noopener\" title=\"Entrada Terravista Vilas\">Terravista Vilas<\/a>, incluindo tamb\u00e9m o <a href=\"https:\/\/goo.gl\/maps\/43rXMvreEhUBSRyG6\" target=\"_blank\" rel=\"noopener\" title=\"Club Med\">resort ClubMed<\/a>.<\/p>\n\n\n\n<p>Aproximando-se de Trancoso, acima das fal\u00e9sias, existem diversos condom\u00ednios de alto padr\u00e3o, como <a href=\"https:\/\/goo.gl\/maps\/4Sj6YQtVFFUmWswN8\" target=\"_blank\" rel=\"noopener\" title=\"Condominio Fazenda do Rio da Barra\">Fazenda Rio da Barra<\/a>, <a href=\"https:\/\/goo.gl\/maps\/WfvEHJRHbWfZFTH28\" target=\"_blank\" rel=\"noopener\" title=\"Condominio Sitio Pedro Grande\">S\u00edtio Pedro Grande<\/a>, <a href=\"https:\/\/goo.gl\/maps\/PiN9WHtotXeBk9uX9\" target=\"_blank\" rel=\"noopener\" title=\"Acesso a Alto do Segredo e Vale do Segredo\">Alto do Segredo, Vale do Segredo<\/a> e <a href=\"https:\/\/goo.gl\/maps\/5qdmLP9oaeCALRJB6\" target=\"_blank\" rel=\"noopener\" title=\"Localiza\u00e7\u00e3o do Alto dos Cientistas\">Alto dos Cientistas<\/a>, com dimens\u00f5es menores do que o Terravista, mas perfeitos para quem procura mais tranquilidade.<\/p>\n\n\n\n<p>Toda a \u00e1rea da <a href=\"https:\/\/goo.gl\/maps\/ZR6oh6AV5ftCmAs66\" target=\"_blank\" rel=\"noopener\" title=\"Casas na Praia dos Nativos\">Praia dos Nativos<\/a>, at\u00e9 o Rio da Barra, possui mans\u00f5es de alto padr\u00e3o. Muitas delas s\u00e3o alugadas para temporada e eventos, como casamentos. Embora n\u00e3o sejam propriamente condom\u00ednios, s\u00e3o op\u00e7\u00f5es interessantes a serem consideradas.<\/p>\n\n\n\n<p>O acesso a todos esses condom\u00ednios desde Trancoso \u00e9 feito por uma estrada de terra que corre paralelamente \u00e0 costa. Essa mesma estrada chega at\u00e9 <a href=\"https:\/\/goo.gl\/maps\/joZ8b1JZL4CaXtx68\" target=\"_blank\" rel=\"noopener\" title=\"Acesso desde Arraial D'Ajuda\">Arraial D&#8217;Ajuda, de onde tamb\u00e9m \u00e9 poss\u00edvel acessar<\/a>. Terravista tem outro <a href=\"https:\/\/goo.gl\/maps\/xU4mMj9ghTyE7k2y9\" target=\"_blank\" rel=\"noopener\" title=\"Acesso at\u00e9 o Aeroporto de Terravista\">acesso, neste caso privativo<\/a>, a partir da estrada BA 001.<\/p>\n\n\n\n<p>Mais pr\u00f3ximo ao centro de Trancoso, encontra-se o Condom\u00ednio <a href=\"https:\/\/goo.gl\/maps\/EQM5V5X6Ld7a5agBA\" target=\"_blank\" rel=\"noopener\" title=\"Condominio Altos de Trancoso\">Altos de Trancoso<\/a>, tamb\u00e9m de alto padr\u00e3o e muito bem localizado, pr\u00f3ximo ao Quadrado e \u00e0s praias.<\/p>\n\n\n\n<figure class=\"wp-block-image size-full\"><img loading=\"lazy\" decoding=\"async\" width=\"930\" height=\"890\" src=\"https:\/\/partiutrancoso.com.br\/wp-content\/uploads\/2023\/04\/Condominios-de-Trancoso-2.jpg\" alt=\"\" class=\"wp-image-407\" srcset=\"https:\/\/partiutrancoso.com.br\/wp-content\/uploads\/2023\/04\/Condominios-de-Trancoso-2.jpg 930w, https:\/\/partiutrancoso.com.br\/wp-content\/uploads\/2023\/04\/Condominios-de-Trancoso-2-300x287.jpg 300w, https:\/\/partiutrancoso.com.br\/wp-content\/uploads\/2023\/04\/Condominios-de-Trancoso-2-768x735.jpg 768w\" sizes=\"auto, (max-width: 930px) 100vw, 930px\" \/><\/figure>\n\n\n\n<p>\u00c0 esquerda de Trancoso, em dire\u00e7\u00e3o sul, encontra-se o <a href=\"https:\/\/goo.gl\/maps\/B9uZp3T2viJJLXoh9\" target=\"_blank\" rel=\"noopener\" title=\"Portaria de Acesso a Itapororoca\">Condom\u00ednio Itapororoca<\/a>, que possui mans\u00f5es \u00e0 beira-mar e, na parte superior, o <a href=\"https:\/\/goo.gl\/maps\/XJwuRMidBfNhBLLC7\" target=\"_blank\" rel=\"noopener\" title=\"Altos de Itapororoca\">Altos de Itapororoca<\/a>, onde as casas est\u00e3o localizadas acima das fal\u00e9sias.<\/p>\n\n\n\n<p>\u00c9 neste condom\u00ednio que o <a href=\"https:\/\/goo.gl\/maps\/HUKWVT1ne9c7ecmU6\" target=\"_blank\" rel=\"noopener\" title=\"Hotel Fasano\">Fasano<\/a> tem o empreendimento das Villas, composto por v\u00e1rios residenciais diferentes.<\/p>\n\n\n\n<p>Para chegar a Itapororoca, \u00e9 preciso descer a estrada de terra que parte de Trancoso. O Fasano possui um <a href=\"https:\/\/goo.gl\/maps\/dFasKXtPurzHwaMW9\" target=\"_blank\" rel=\"noopener\" title=\"Acesso desde a BA 001\">acesso privativo<\/a> adicional a partir da BA 001.<\/p>\n\n\n\n<hr class=\"wp-block-separator has-alpha-channel-opacity is-style-wide\"\/>\n\n\n\n<h2 class=\"wp-block-heading\" id=\"aioseo-condominios-de-medio-padrao\"><span class=\"ez-toc-section\" id=\"CONDOMINIOS_DE_MEDIO_PADRAO\"><\/span>CONDOMINIOS DE MEDIO PADR\u00c3O<span class=\"ez-toc-section-end\"><\/span><\/h2>\n\n\n\n<figure class=\"wp-block-image size-full\"><img loading=\"lazy\" decoding=\"async\" width=\"930\" height=\"492\" src=\"https:\/\/partiutrancoso.com.br\/wp-content\/uploads\/2023\/04\/Condominios-de-Trancoso-Padrao-Medio.jpg\" alt=\"\" class=\"wp-image-409\" srcset=\"https:\/\/partiutrancoso.com.br\/wp-content\/uploads\/2023\/04\/Condominios-de-Trancoso-Padrao-Medio.jpg 930w, https:\/\/partiutrancoso.com.br\/wp-content\/uploads\/2023\/04\/Condominios-de-Trancoso-Padrao-Medio-300x159.jpg 300w, https:\/\/partiutrancoso.com.br\/wp-content\/uploads\/2023\/04\/Condominios-de-Trancoso-Padrao-Medio-768x406.jpg 768w\" sizes=\"auto, (max-width: 930px) 100vw, 930px\" \/><\/figure>\n\n\n\n<p>Os condom\u00ednios de padr\u00e3o m\u00e9dio n\u00e3o t\u00eam uma localiza\u00e7\u00e3o t\u00e3o privilegiada nem a infraestrutura dos condom\u00ednios de alto padr\u00e3o, mas ainda assim, eles est\u00e3o pr\u00f3ximos das principais atra\u00e7\u00f5es da regi\u00e3o e \u00e9 poss\u00edvel encontrar excelentes casas em alguns deles com tarifas mais acess\u00edveis, o que pode ser uma excelente op\u00e7\u00e3o.<\/p>\n\n\n\n<p>Alguns desses condom\u00ednios s\u00e3o novos e ainda possuem poucas casas, enquanto outros s\u00e3o mais consolidados, como o <a href=\"https:\/\/goo.gl\/maps\/fVV7FGpfmuZzy4xy6\" target=\"_blank\" rel=\"noopener\" title=\"Condominio Coqueiral\">Condom\u00ednio Coqueiral<\/a>, que possui lotes em torno de 1.000 m\u00b2 e algumas casas espetaculares, e o <a href=\"https:\/\/goo.gl\/maps\/bgHFQqakGKQVHX7q7\" target=\"_blank\" rel=\"noopener\" title=\"Condominio Icatu\">Condom\u00ednio Icatu<\/a>, que possui terrenos e casas menores, mas mais acess\u00edveis.<\/p>\n\n\n\n<p>Os dois condom\u00ednios novos de padr\u00e3o m\u00e9dio localizados na Estrada dos Macacos, o <a href=\"https:\/\/goo.gl\/maps\/XsbKdSqs9aP5c1DbA\" target=\"_blank\" rel=\"noopener\" title=\"Condominio Trancoso Eco Residence\">Eco Residence<\/a> e o <a href=\"https:\/\/goo.gl\/maps\/Hvh4XCHRBaueq2Sh8\" target=\"_blank\" rel=\"noopener\" title=\"Condominio Jardim Floresta\">Jardim Floresta<\/a>, ainda est\u00e3o em desenvolvimento, mas j\u00e1 come\u00e7am a ter casas prontas para morar.<\/p>\n\n\n\n<p>O <a href=\"https:\/\/goo.gl\/maps\/45rofQ6CWVCarqjK7\" target=\"_blank\" rel=\"noopener\" title=\"Vilage Residencial Pau Brasil\">Village Pau Brasil<\/a> e o <a href=\"https:\/\/goo.gl\/maps\/rDCZomDckKZswjf26\" target=\"_blank\" rel=\"noopener\" title=\"Village Residencial Jacarand\u00e1\">Village Jacarand\u00e1<\/a> tamb\u00e9m possuem algumas casas, sendo que este \u00faltimo possui uma excelente pousada rec\u00e9m-constru\u00edda. J\u00e1 o <a href=\"https:\/\/goo.gl\/maps\/6hZE8jLzrpMWKtvP8\" target=\"_blank\" rel=\"noopener\" title=\"Condomino Jardim Fazenda\">Jardim Fazenda<\/a> ainda est\u00e1 em desenvolvimento, mas em um futuro pr\u00f3ximo poder\u00e1 ser uma boa op\u00e7\u00e3o para quem busca uma casa em condom\u00ednio fechado.<\/p>\n\n\n\n<hr class=\"wp-block-separator has-alpha-channel-opacity is-style-wide\"\/>\n\n\n\n<h2 class=\"wp-block-heading\" id=\"aioseo-hospedarse-em-uma-pousada-de-trancoso\"><span class=\"ez-toc-section\" id=\"Ainda_Prefere_Hospedar-se_em_uma_pousada_de_Trancoso\"><\/span>Ainda Prefere Hospedar-se em uma pousada de Trancoso?<span class=\"ez-toc-section-end\"><\/span><\/h2>\n\n\n\n<p>Se voc\u00ea ainda est\u00e1 com d\u00favidas sobre hospedar-se em uma pousada em Trancoso, h\u00e1 muitas op\u00e7\u00f5es com excelente servi\u00e7o que podem oferecer uma estadia perfeita para suas f\u00e9rias. Consulte nosso guia para obter dicas sobre como fazer a melhor escolha ao reservar sua pousada.<\/p>\n\n\n\n<div class=\"wp-block-buttons is-content-justification-center is-layout-flex wp-container-core-buttons-is-layout-a89b3969 wp-block-buttons-is-layout-flex\">\n<div class=\"wp-block-button is-style-outline is-style-outline--1\"><a class=\"wp-block-button__link has-background wp-element-button\" href=\"https:\/\/partiutrancoso.com.br\/index.php\/dicas-imperdiveis-para-escolher-em-trancoso-sua-pousada-perfeita\/\" style=\"border-radius:15px;background-color:#abc310\">Escolher Pousada em Trancoso<\/a><\/div>\n<\/div>\n\n\n\n<hr class=\"wp-block-separator has-alpha-channel-opacity is-style-wide\"\/>\n\n\n\n<p>Siga-nos no Instagram:<\/p>\n\n\n\n<ul class=\"wp-block-social-links has-large-icon-size has-icon-color is-style-logos-only is-content-justification-center is-layout-flex wp-container-core-social-links-is-layout-a89b3969 wp-block-social-links-is-layout-flex\"><li style=\"color: #abc310; \" class=\"wp-social-link wp-social-link-instagram  wp-block-social-link\"><a rel=\"noopener nofollow\" target=\"_blank\" href=\"https:\/\/www.instagram.com\/partiu_trancoso\" class=\"wp-block-social-link-anchor\"><svg width=\"24\" height=\"24\" viewBox=\"0 0 24 24\" version=\"1.1\" xmlns=\"http:\/\/www.w3.org\/2000\/svg\" aria-hidden=\"true\" focusable=\"false\"><path d=\"M12,4.622c2.403,0,2.688,0.009,3.637,0.052c0.877,0.04,1.354,0.187,1.671,0.31c0.42,0.163,0.72,0.358,1.035,0.673 c0.315,0.315,0.51,0.615,0.673,1.035c0.123,0.317,0.27,0.794,0.31,1.671c0.043,0.949,0.052,1.234,0.052,3.637 s-0.009,2.688-0.052,3.637c-0.04,0.877-0.187,1.354-0.31,1.671c-0.163,0.42-0.358,0.72-0.673,1.035 c-0.315,0.315-0.615,0.51-1.035,0.673c-0.317,0.123-0.794,0.27-1.671,0.31c-0.949,0.043-1.233,0.052-3.637,0.052 s-2.688-0.009-3.637-0.052c-0.877-0.04-1.354-0.187-1.671-0.31c-0.42-0.163-0.72-0.358-1.035-0.673 c-0.315-0.315-0.51-0.615-0.673-1.035c-0.123-0.317-0.27-0.794-0.31-1.671C4.631,14.688,4.622,14.403,4.622,12 s0.009-2.688,0.052-3.637c0.04-0.877,0.187-1.354,0.31-1.671c0.163-0.42,0.358-0.72,0.673-1.035 c0.315-0.315,0.615-0.51,1.035-0.673c0.317-0.123,0.794-0.27,1.671-0.31C9.312,4.631,9.597,4.622,12,4.622 M12,3 C9.556,3,9.249,3.01,8.289,3.054C7.331,3.098,6.677,3.25,6.105,3.472C5.513,3.702,5.011,4.01,4.511,4.511 c-0.5,0.5-0.808,1.002-1.038,1.594C3.25,6.677,3.098,7.331,3.054,8.289C3.01,9.249,3,9.556,3,12c0,2.444,0.01,2.751,0.054,3.711 c0.044,0.958,0.196,1.612,0.418,2.185c0.23,0.592,0.538,1.094,1.038,1.594c0.5,0.5,1.002,0.808,1.594,1.038 c0.572,0.222,1.227,0.375,2.185,0.418C9.249,20.99,9.556,21,12,21s2.751-0.01,3.711-0.054c0.958-0.044,1.612-0.196,2.185-0.418 c0.592-0.23,1.094-0.538,1.594-1.038c0.5-0.5,0.808-1.002,1.038-1.594c0.222-0.572,0.375-1.227,0.418-2.185 C20.99,14.751,21,14.444,21,12s-0.01-2.751-0.054-3.711c-0.044-0.958-0.196-1.612-0.418-2.185c-0.23-0.592-0.538-1.094-1.038-1.594 c-0.5-0.5-1.002-0.808-1.594-1.038c-0.572-0.222-1.227-0.375-2.185-0.418C14.751,3.01,14.444,3,12,3L12,3z M12,7.378 c-2.552,0-4.622,2.069-4.622,4.622S9.448,16.622,12,16.622s4.622-2.069,4.622-4.622S14.552,7.378,12,7.378z M12,15 c-1.657,0-3-1.343-3-3s1.343-3,3-3s3,1.343,3,3S13.657,15,12,15z M16.804,6.116c-0.596,0-1.08,0.484-1.08,1.08 s0.484,1.08,1.08,1.08c0.596,0,1.08-0.484,1.08-1.08S17.401,6.116,16.804,6.116z\"><\/path><\/svg><span class=\"wp-block-social-link-label screen-reader-text\">Partiu Trancoso!<\/span><\/a><\/li><\/ul>\n","protected":false},"excerpt":{"rendered":"<p>Se voc\u00ea est\u00e1 planejando uma viagem em fam\u00edlia ou com um grupo de amigos, alugar uma casa de temporada em Trancoso pode ser uma excelente escolha. No entanto, se voc\u00ea n\u00e3o conhece a regi\u00e3o, pode ter d\u00favidas sobre qual \u00e9 a melhor localiza\u00e7\u00e3o para a casa &#8211; se na rua ou em algum condom\u00ednio. A [&hellip;]<\/p>\n","protected":false},"author":1,"featured_media":413,"parent":0,"menu_order":0,"comment_status":"closed","ping_status":"closed","template":"","meta":{"om_disable_all_campaigns":false,"_uag_custom_page_level_css":"","site-sidebar-layout":"default","site-content-layout":"","ast-site-content-layout":"","site-content-style":"default","site-sidebar-style":"default","ast-global-header-display":"","ast-banner-title-visibility":"","ast-main-header-display":"","ast-hfb-above-header-display":"","ast-hfb-below-header-display":"","ast-hfb-mobile-header-display":"","site-post-title":"","ast-breadcrumbs-content":"","ast-featured-img":"","footer-sml-layout":"","theme-transparent-header-meta":"","adv-header-id-meta":"","stick-header-meta":"","header-above-stick-meta":"","header-main-stick-meta":"","header-below-stick-meta":"","astra-migrate-meta-layouts":"default","ast-page-background-enabled":"default","ast-page-background-meta":{"desktop":{"background-color":"","background-image":"","background-repeat":"repeat","background-position":"center center","background-size":"auto","background-attachment":"scroll","background-type":"","background-media":"","overlay-type":"","overlay-color":"","overlay-gradient":""},"tablet":{"background-color":"","background-image":"","background-repeat":"repeat","background-position":"center center","background-size":"auto","background-attachment":"scroll","background-type":"","background-media":"","overlay-type":"","overlay-color":"","overlay-gradient":""},"mobile":{"background-color":"","background-image":"","background-repeat":"repeat","background-position":"center center","background-size":"auto","background-attachment":"scroll","background-type":"","background-media":"","overlay-type":"","overlay-color":"","overlay-gradient":""}},"ast-content-background-meta":{"desktop":{"background-color":"var(--ast-global-color-5)","background-image":"","background-repeat":"repeat","background-position":"center center","background-size":"auto","background-attachment":"scroll","background-type":"","background-media":"","overlay-type":"","overlay-color":"","overlay-gradient":""},"tablet":{"background-color":"var(--ast-global-color-5)","background-image":"","background-repeat":"repeat","background-position":"center center","background-size":"auto","background-attachment":"scroll","background-type":"","background-media":"","overlay-type":"","overlay-color":"","overlay-gradient":""},"mobile":{"background-color":"var(--ast-global-color-5)","background-image":"","background-repeat":"repeat","background-position":"center center","background-size":"auto","background-attachment":"scroll","background-type":"","background-media":"","overlay-type":"","overlay-color":"","overlay-gradient":""}},"footnotes":""},"class_list":["post-395","page","type-page","status-publish","has-post-thumbnail","hentry"],"aioseo_notices":[],"uagb_featured_image_src":{"full":["https:\/\/partiutrancoso.com.br\/wp-content\/uploads\/2023\/04\/Casa-de-Temporada-em-Trancoso.jpg",930,1240,false],"thumbnail":["https:\/\/partiutrancoso.com.br\/wp-content\/uploads\/2023\/04\/Casa-de-Temporada-em-Trancoso-150x150.jpg",150,150,true],"medium":["https:\/\/partiutrancoso.com.br\/wp-content\/uploads\/2023\/04\/Casa-de-Temporada-em-Trancoso-225x300.jpg",225,300,true],"medium_large":["https:\/\/partiutrancoso.com.br\/wp-content\/uploads\/2023\/04\/Casa-de-Temporada-em-Trancoso-768x1024.jpg",768,1024,true],"large":["https:\/\/partiutrancoso.com.br\/wp-content\/uploads\/2023\/04\/Casa-de-Temporada-em-Trancoso-768x1024.jpg",768,1024,true],"1536x1536":["https:\/\/partiutrancoso.com.br\/wp-content\/uploads\/2023\/04\/Casa-de-Temporada-em-Trancoso.jpg",930,1240,false],"2048x2048":["https:\/\/partiutrancoso.com.br\/wp-content\/uploads\/2023\/04\/Casa-de-Temporada-em-Trancoso.jpg",930,1240,false]},"uagb_author_info":{"display_name":"Partiu Trancoso","author_link":"https:\/\/partiutrancoso.com.br\/index.php\/author\/jorge\/"},"uagb_comment_info":0,"uagb_excerpt":"Se voc\u00ea est\u00e1 planejando uma viagem em fam\u00edlia ou com um grupo de amigos, alugar uma casa de temporada em Trancoso pode ser uma excelente escolha. No entanto, se voc\u00ea n\u00e3o conhece a regi\u00e3o, pode ter d\u00favidas sobre qual \u00e9 a melhor localiza\u00e7\u00e3o para a casa &#8211; se na rua ou em algum condom\u00ednio. A&hellip;","_links":{"self":[{"href":"https:\/\/partiutrancoso.com.br\/index.php\/wp-json\/wp\/v2\/pages\/395","targetHints":{"allow":["GET"]}}],"collection":[{"href":"https:\/\/partiutrancoso.com.br\/index.php\/wp-json\/wp\/v2\/pages"}],"about":[{"href":"https:\/\/partiutrancoso.com.br\/index.php\/wp-json\/wp\/v2\/types\/page"}],"author":[{"embeddable":true,"href":"https:\/\/partiutrancoso.com.br\/index.php\/wp-json\/wp\/v2\/users\/1"}],"replies":[{"embeddable":true,"href":"https:\/\/partiutrancoso.com.br\/index.php\/wp-json\/wp\/v2\/comments?post=395"}],"version-history":[{"count":27,"href":"https:\/\/partiutrancoso.com.br\/index.php\/wp-json\/wp\/v2\/pages\/395\/revisions"}],"predecessor-version":[{"id":1040,"href":"https:\/\/partiutrancoso.com.br\/index.php\/wp-json\/wp\/v2\/pages\/395\/revisions\/1040"}],"wp:featuredmedia":[{"embeddable":true,"href":"https:\/\/partiutrancoso.com.br\/index.php\/wp-json\/wp\/v2\/media\/413"}],"wp:attachment":[{"href":"https:\/\/partiutrancoso.com.br\/index.php\/wp-json\/wp\/v2\/media?parent=395"}],"curies":[{"name":"wp","href":"https:\/\/api.w.org\/{rel}","templated":true}]}}