{"id":50,"date":"2023-04-01T18:17:00","date_gmt":"2023-04-01T21:17:00","guid":{"rendered":"https:\/\/partiutrancoso.com.br\/?page_id=50"},"modified":"2024-12-28T17:47:13","modified_gmt":"2024-12-28T20:47:13","slug":"transfer-ate-trancoso","status":"publish","type":"page","link":"https:\/\/partiutrancoso.com.br\/index.php\/transfer-ate-trancoso\/","title":{"rendered":"Dicas e segredos que os taxistas N\u00e3o Revelam Sobre o Transfer do Aeroporto de Porto Seguro At\u00e9 Trancoso"},"content":{"rendered":"\n<div id=\"ez-toc-container\" class=\"ez-toc-v2_0_82_2 counter-hierarchy ez-toc-counter ez-toc-grey ez-toc-container-direction\">\n<div class=\"ez-toc-title-container\">\n<p class=\"ez-toc-title\" style=\"cursor:inherit\">Tabela de Conte\u00fados<\/p>\n<span class=\"ez-toc-title-toggle\"><a href=\"#\" class=\"ez-toc-pull-right ez-toc-btn ez-toc-btn-xs ez-toc-btn-default ez-toc-toggle\" aria-label=\"Alternar tabela de conte\u00fado\"><span class=\"ez-toc-js-icon-con\"><span class=\"\"><span class=\"eztoc-hide\" style=\"display:none;\">Toggle<\/span><span class=\"ez-toc-icon-toggle-span\"><svg style=\"fill: #999;color:#999\" xmlns=\"http:\/\/www.w3.org\/2000\/svg\" class=\"list-377408\" width=\"20px\" height=\"20px\" viewBox=\"0 0 24 24\" fill=\"none\"><path d=\"M6 6H4v2h2V6zm14 0H8v2h12V6zM4 11h2v2H4v-2zm16 0H8v2h12v-2zM4 16h2v2H4v-2zm16 0H8v2h12v-2z\" fill=\"currentColor\"><\/path><\/svg><svg style=\"fill: #999;color:#999\" class=\"arrow-unsorted-368013\" xmlns=\"http:\/\/www.w3.org\/2000\/svg\" width=\"10px\" height=\"10px\" viewBox=\"0 0 24 24\" version=\"1.2\" baseProfile=\"tiny\"><path d=\"M18.2 9.3l-6.2-6.3-6.2 6.3c-.2.2-.3.4-.3.7s.1.5.3.7c.2.2.4.3.7.3h11c.3 0 .5-.1.7-.3.2-.2.3-.5.3-.7s-.1-.5-.3-.7zM5.8 14.7l6.2 6.3 6.2-6.3c.2-.2.3-.5.3-.7s-.1-.5-.3-.7c-.2-.2-.4-.3-.7-.3h-11c-.3 0-.5.1-.7.3-.2.2-.3.5-.3.7s.1.5.3.7z\"\/><\/svg><\/span><\/span><\/span><\/a><\/span><\/div>\n<nav><ul class='ez-toc-list ez-toc-list-level-1 ' ><li class='ez-toc-page-1 ez-toc-heading-level-2'><a class=\"ez-toc-link ez-toc-heading-1\" href=\"https:\/\/partiutrancoso.com.br\/index.php\/transfer-ate-trancoso\/#Contatos_de_Taxistas_Confiaveis_para_seu_transfer_Conheca_Alguns_dos_Melhores_em_Trancoso\" >Contatos de Taxistas Confi\u00e1veis para seu transfer: Conhe\u00e7a Alguns dos Melhores em Trancoso<\/a><\/li><li class='ez-toc-page-1 ez-toc-heading-level-2'><a class=\"ez-toc-link ez-toc-heading-2\" href=\"https:\/\/partiutrancoso.com.br\/index.php\/transfer-ate-trancoso\/#Transfer_do_Aeroporto_de_Porto_Seguro_para_Trancoso\" >Transfer do Aeroporto de Porto Seguro para Trancoso<\/a><\/li><li class='ez-toc-page-1 ez-toc-heading-level-2'><a class=\"ez-toc-link ez-toc-heading-3\" href=\"https:\/\/partiutrancoso.com.br\/index.php\/transfer-ate-trancoso\/#O_Melhor_Caminho_para_seu_Traslado_ate_Trancoso\" >O Melhor Caminho para seu Traslado at\u00e9 Trancoso<\/a><\/li><li class='ez-toc-page-1 ez-toc-heading-level-2'><a class=\"ez-toc-link ez-toc-heading-4\" href=\"https:\/\/partiutrancoso.com.br\/index.php\/transfer-ate-trancoso\/#Quanto_custa_o_Transfer_de_Porto_Seguro_para_Trancoso\" >Quanto custa o Transfer de Porto Seguro para Trancoso<\/a><\/li><li class='ez-toc-page-1 ez-toc-heading-level-2'><a class=\"ez-toc-link ez-toc-heading-5\" href=\"https:\/\/partiutrancoso.com.br\/index.php\/transfer-ate-trancoso\/#Valores_do_Transfer_ate_Caraiva_e_outros_Transfer\" >Valores do Transfer at\u00e9 Cara\u00edva e outros Transfer<\/a><\/li><li class='ez-toc-page-1 ez-toc-heading-level-2'><a class=\"ez-toc-link ez-toc-heading-6\" href=\"https:\/\/partiutrancoso.com.br\/index.php\/transfer-ate-trancoso\/#Uber_no_Aeroporto_de_Porto_Seguro\" >Uber no Aeroporto de Porto Seguro<\/a><\/li><li class='ez-toc-page-1 ez-toc-heading-level-2'><a class=\"ez-toc-link ez-toc-heading-7\" href=\"https:\/\/partiutrancoso.com.br\/index.php\/transfer-ate-trancoso\/#Transfer_para_Caraiva_e_Praia_do_Espelho\" >Transfer para Cara\u00edva e Praia do Espelho<\/a><\/li><li class='ez-toc-page-1 ez-toc-heading-level-2'><a class=\"ez-toc-link ez-toc-heading-8\" href=\"https:\/\/partiutrancoso.com.br\/index.php\/transfer-ate-trancoso\/#Comece_sua_Viagem_com_o_Pe_Direito_Transfer_do_Aeroporto_para_Trancoso\" >Comece sua Viagem com o P\u00e9 Direito: Transfer do Aeroporto para Trancoso<\/a><\/li><\/ul><\/nav><\/div>\n<h2 class=\"wp-block-heading\" id=\"aioseo-taxistas-confiaveis-conheca-alguns-dos-melhores-em-trancoso\"><span class=\"ez-toc-section\" id=\"Contatos_de_Taxistas_Confiaveis_para_seu_transfer_Conheca_Alguns_dos_Melhores_em_Trancoso\"><\/span><strong>Contatos de Taxistas Confi\u00e1veis para seu transfer: Conhe\u00e7a Alguns dos Melhores em Trancoso<\/strong><span class=\"ez-toc-section-end\"><\/span><\/h2>\n\n\n\n<p>Para facilitar ainda mais sua jornada, apresentamos abaixo alguns nomes de <strong>taxistas de Trancoso<\/strong> que s\u00e3o conhecidos por oferecerem um excelente servi\u00e7o de <strong>transfer<\/strong> aos viajantes:<\/p>\n\n\n\n<div class=\"wp-block-cover is-light\" style=\"min-height:455px;aspect-ratio:unset;\"><span aria-hidden=\"true\" class=\"wp-block-cover__background has-background-dim-100 has-background-dim\" style=\"background-color:#abc310\"><\/span><div class=\"wp-block-cover__inner-container is-layout-flow wp-block-cover-is-layout-flow\">\n<div class=\"inherit-container-width wp-block-group is-layout-constrained wp-block-group-is-layout-constrained\">\n<ul class=\"wp-block-list\">\n<div class=\"wp-block-cover is-light\" style=\"min-height:302px;aspect-ratio:unset;\"><span aria-hidden=\"true\" class=\"wp-block-cover__background has-background-dim-100 has-background-dim\" style=\"background-color:#abc310\"><\/span><div class=\"wp-block-cover__inner-container is-layout-flow wp-block-cover-is-layout-flow\">\n<div class=\"inherit-container-width wp-block-group is-layout-constrained wp-block-group-is-layout-constrained\">\n<ul class=\"wp-block-list\">\n<li><strong>Anderson<\/strong>\n<ul class=\"wp-block-list\">\n<li><a href=\"tel:073982220386\" target=\"_blank\" rel=\"noopener\" title=\"Ligar a Anderson\">+55 73 98235-9191<\/a> &#8211; <a href=\"tel:073982359191\" target=\"_blank\" rel=\"noopener\" title=\"Anderson no WhatsApp\">WhatsApp<\/a><\/li>\n<\/ul>\n<\/li>\n\n\n\n<li><strong>Danilo<\/strong>\n<ul class=\"wp-block-list\">\n<li><a href=\"tel:073982400600\" target=\"_blank\" rel=\"noopener\" title=\"Ligar a Danilo\">+55 73 98240-0600<\/a> &#8211; <a href=\"https:\/\/wa.me\/5573982400600?text=Oi,%achei%seu%contato%no%site%PartiuTrancoso.com\" target=\"_blank\" rel=\"noopener\" title=\"\">WhatsApp<\/a><\/li>\n<\/ul>\n<\/li>\n\n\n\n<li><strong>Junior <\/strong>\n<ul class=\"wp-block-list\">\n<li><a href=\"tel:73999838134\" target=\"_blank\" rel=\"noopener\" title=\"Ligar a Junior\">+55 73 99983-8134<\/a> &#8211; <a href=\"https:\/\/wa.me\/5573999838134?text=Oi,%achei%seu%contato%no%site%PartiuTrancoso.com\" target=\"_blank\" rel=\"noopener\" title=\"Junior no WhatsApp\">WhatsApp<\/a><\/li>\n<\/ul>\n<\/li>\n\n\n\n<li><strong>Ezequiel <\/strong>\n<ul class=\"wp-block-list\">\n<li><a href=\"tel:073982220037\" target=\"_blank\" rel=\"noopener\" title=\"Ligar a Ezequiel\">+55 73 98222-0037<\/a> &#8211; <a href=\"https:\/\/wa.me\/5573982220037?text=Oi,%achei%seu%contato%no%site%PartiuTrancoso.com\" target=\"_blank\" rel=\"noopener\" title=\"Ezequiel no WhatsApp\">WhatsApp<\/a><\/li>\n<\/ul>\n<\/li>\n\n\n\n<li><strong>Ramos Tour<\/strong>\n<ul class=\"wp-block-list\">\n<li><a href=\"tel:073999592518\" target=\"_blank\" rel=\"noopener\" title=\"Ligar a Ramos Tour\">+55 73 99959-2518<\/a> &#8211; <a href=\"https:\/\/wa.me\/5573999592518?text=Oi,%achei%seu%contato%no%site%PartiuTrancoso.com\" target=\"_blank\" rel=\"noopener\" title=\"Ramos Tour no WhatsApp\">WhatsApp<\/a><\/li>\n<\/ul>\n<\/li>\n\n\n\n<li><strong>Central Taxi Trancoso <\/strong>\n<ul class=\"wp-block-list\">\n<li><a href=\"tel:07335753610\" target=\"_blank\" rel=\"noopener\" title=\"Ligar \u00e0 Central Taxi Trancoso\">+55 73 3575 36<\/a><\/li>\n<\/ul>\n<\/li>\n<\/ul>\n<\/div>\n<\/div><\/div>\n<\/ul>\n<\/div>\n<\/div><\/div>\n\n\n\n<p>Esses profissionais est\u00e3o prontos para garantir que voc\u00ea tenha uma experi\u00eancia de transfer memor\u00e1vel e segura, colocando suas necessidades em primeiro lugar.<\/p>\n\n\n\n<div style=\"height:50px\" aria-hidden=\"true\" class=\"wp-block-spacer\"><\/div>\n\n\n\n<h2 class=\"wp-block-heading\" id=\"aioseo-a-chegada-encantadora-em-trancoso-transfer-direto-do-aeroporto\"><span class=\"ez-toc-section\" id=\"Transfer_do_Aeroporto_de_Porto_Seguro_para_Trancoso\"><\/span><strong><strong>Transfer do Aeroporto de Porto Seguro para Trancoso<\/strong><\/strong><span class=\"ez-toc-section-end\"><\/span><\/h2>\n\n\n\n<p>Quando se trata de come\u00e7ar sua aventura em Trancoso, n\u00e3o h\u00e1 nada melhor do que um <strong>transfer<\/strong> r\u00e1pido e confort\u00e1vel do <strong>Aeroporto de Porto Seguro at\u00e9 Trancoso<\/strong> (C\u00f3digo IATA <strong>BPS<\/strong>). Dessa forma, voc\u00ea poder\u00e1 desfrutar de uma viagem tranquila e sem preocupa\u00e7\u00f5es, garantindo que suas f\u00e9rias comecem da melhor maneira poss\u00edvel.<\/p>\n\n\n\n<h2 class=\"wp-block-heading\" id=\"aioseo-descubra-o-melhor-caminho-travessia-ou-contorno\"><span class=\"ez-toc-section\" id=\"O_Melhor_Caminho_para_seu_Traslado_ate_Trancoso\"><\/span><strong>O Melhor Caminho para seu Traslado at\u00e9 Trancoso<\/strong><span class=\"ez-toc-section-end\"><\/span><\/h2>\n\n\n\n<p>Existem tr\u00eas principais percursos para chegar de Porto Seguro para Trancoso:<\/p>\n\n\n\n<ul class=\"wp-block-list\">\n<li><strong>Rota pela Balsa e estrada de terra:<\/strong> Atravessando o Rio Buranh\u00e9m pela balsa e seguindo pela estrada de terra. \u00c9 o caminho mais curto, com cerca de 30 km, mas pode ser um problema em \u00e9pocas de chuva.<\/li>\n\n\n\n<li><strong>Rota pela Balsa e estrada de asfalto:<\/strong> Atravessando o rio, mas optando pela estrada de asfalto, a dist\u00e2ncia se estende para 47 km. Na temporada baixa com pouco tr\u00e2nsito na balsa \u00e9 uma boa op\u00e7\u00e3o<\/li>\n\n\n\n<li><strong>Rota pelo Asfalto:<\/strong> Contornando o Rio Buranh\u00e9m, sem a necessidade da balsa. Apesar de ser a rota mais longa, com 80 km, \u00e9 totalmente asfaltada. Na temporada alta em hor\u00e1rios de pico na balsa \u00e9 a melhor op\u00e7\u00e3o.<\/li>\n<\/ul>\n\n\n\n<h2 class=\"wp-block-heading\" id=\"aioseo-reserve-com-antecedencia-garanta-sua-viagem-sem-preocupacoes\"><span class=\"ez-toc-section\" id=\"Quanto_custa_o_Transfer_de_Porto_Seguro_para_Trancoso\"><\/span><strong><strong>Quanto custa o Transfer de Porto Seguro para Trancoso<\/strong><\/strong><span class=\"ez-toc-section-end\"><\/span><\/h2>\n\n\n\n<p><strong>O valor tabelado<\/strong> atual para o transfer de Porto Seguro a Trancoso \u00e9 de <strong>R$ 380,00 (Janeiro de 2025)<\/strong>. Durante a alta temporada, \u00e9 altamente recomend\u00e1vel <strong>reservar o transfer<\/strong> com anteced\u00eancia. Dessa forma, voc\u00ea garantir\u00e1 a disponibilidade e evitar\u00e1 atrasos indesejados, e pode aproveitar para <strong>tentar negociar o valor.<\/strong><\/p>\n\n\n\n<h2 class=\"wp-block-heading\"><span class=\"ez-toc-section\" id=\"Valores_do_Transfer_ate_Caraiva_e_outros_Transfer\"><\/span><strong>Valores do Transfer at\u00e9 Cara\u00edva e outros Transfer<\/strong><span class=\"ez-toc-section-end\"><\/span><\/h2>\n\n\n\n<p>Valores dos principais percursos para Transfer na tabela de pre\u00e7os de 2025:<\/p>\n\n\n\n<ul class=\"wp-block-list\">\n<li>Aeroporto &#8211; Trancoso: R$ 380,00<\/li>\n\n\n\n<li>Aeroporto &#8211; Cara\u00edva: R$ 600,00<\/li>\n\n\n\n<li>Aeroporto &#8211; Espelho: R$ 500,00<\/li>\n\n\n\n<li>Trancoso &#8211; Arraial (Balsa): R$ 300,00<\/li>\n\n\n\n<li>Trancoso &#8211; Arraial (Centro): R$ 350,00<\/li>\n\n\n\n<li>Trancoso &#8211; Espelho: R$ 300,00<\/li>\n\n\n\n<li>Trancoso centro &#8211; Praias Nativos &#8211; Coqueiros &#8211; Rio Verde: R$ 50,00<\/li>\n\n\n\n<li>Trancoso &#8211; Fazenda Rio da Barra: R$ 90,00<\/li>\n\n\n\n<li>Trancoso &#8211; Terravista: R$ 150,00<\/li>\n\n\n\n<li>Trancoso &#8211; Teatro L&#8217;Occitane: R$ 150,00<\/li>\n\n\n\n<li>Trancoso &#8211; ClubMed: R$ 150,00<\/li>\n\n\n\n<li>Trancoso &#8211; Fasano: R$ 100,00<\/li>\n\n\n\n<li>Trancoso &#8211; Ta\u00edpe: R$ 180,00<\/li>\n<\/ul>\n\n\n\n<p><strong><a href=\"https:\/\/partiutrancoso.com.br\/index.php\/tabela-precos-taxi-transfer-trancoso-2025\/\" target=\"_blank\" rel=\"noopener\" title=\"\">Tabela completa aqui<\/a><\/strong><\/p>\n\n\n\n<h2 class=\"wp-block-heading\" id=\"aioseo-flexibilidade-e-comodidade-opcao-de-negociar-no-local\"><span class=\"ez-toc-section\" id=\"Uber_no_Aeroporto_de_Porto_Seguro\"><\/span><strong>Uber no Aeroporto de Porto Seguro<\/strong><span class=\"ez-toc-section-end\"><\/span><\/h2>\n\n\n\n<p>Se esta pensando no <strong>Uber<\/strong> para chegar at\u00e9 Trancoso, vale resaltar que n\u00e3o \u00e9 amplamente utilizado na regi\u00e3o e n\u00e3o existem motoristas dispon\u00edveis em Trancoso. Embora haja alguns motoristas em <strong>Porto Seguro<\/strong>, os valores praticados para o transfer costumam ser semelhantes aos dos t\u00e1xis convencionais.<\/p>\n\n\n\n<h2 class=\"wp-block-heading\" id=\"aioseo-planeje-com-antecedencia-tranquilidade-em-sua-jornada\"><span class=\"ez-toc-section\" id=\"Transfer_para_Caraiva_e_Praia_do_Espelho\"><\/span><strong>Transfer para Cara\u00edva e Praia do Espelho<\/strong><span class=\"ez-toc-section-end\"><\/span><\/h2>\n\n\n\n<p>Para garantir uma viagem segura, confort\u00e1vel e sem preocupa\u00e7\u00f5es, a melhor op\u00e7\u00e3o continua sendo a <strong>reserva antecipada do t\u00e1xi.<\/strong> A maioria dos t\u00e1xis em <strong>Trancoso<\/strong> s\u00e3o do tipo SUV, oferecendo espa\u00e7o e conforto para voc\u00ea e seus companheiros de viagem. Al\u00e9m disso, se voc\u00ea ficar satisfeito com o atendimento e o valor do <strong>transfer<\/strong>, poder\u00e1 at\u00e9 mesmo combinar um <strong>passeio para a praia do Espelho ou para Cara\u00edva<\/strong> com o taxista. Descubra mais sobre as maravilhas de Trancoso e as atividades imperd\u00edveis durante a sua estadia.<\/p>\n\n\n\n<div style=\"height:50px\" aria-hidden=\"true\" class=\"wp-block-spacer\"><\/div>\n\n\n\n<figure class=\"wp-block-image alignfull size-full is-resized\"><img loading=\"lazy\" decoding=\"async\" width=\"930\" height=\"698\" src=\"https:\/\/partiutrancoso.com.br\/wp-content\/uploads\/2023\/04\/Viajar-para-Trancoso.jpg\" alt=\"Vista desde a janela do avi\u00e3o de Porto Seguro, para ilustrar um artigo sobre o Transfer desde o Aeroporto para Trancoso\" class=\"wp-image-22\" srcset=\"https:\/\/partiutrancoso.com.br\/wp-content\/uploads\/2023\/04\/Viajar-para-Trancoso.jpg 930w, https:\/\/partiutrancoso.com.br\/wp-content\/uploads\/2023\/04\/Viajar-para-Trancoso-300x225.jpg 300w, https:\/\/partiutrancoso.com.br\/wp-content\/uploads\/2023\/04\/Viajar-para-Trancoso-768x576.jpg 768w\" sizes=\"auto, (max-width: 930px) 100vw, 930px\" \/><\/figure>\n\n\n\n<div style=\"height:50px\" aria-hidden=\"true\" class=\"wp-block-spacer\"><\/div>\n\n\n\n<h2 class=\"wp-block-heading\" id=\"aioseo-comece-sua-viagem-com-o-pe-direito-transfer-do-aeroporto-para-trancoso\"><span class=\"ez-toc-section\" id=\"Comece_sua_Viagem_com_o_Pe_Direito_Transfer_do_Aeroporto_para_Trancoso\"><\/span><strong>Comece sua Viagem com o P\u00e9 Direito: Transfer do Aeroporto para Trancoso<\/strong><span class=\"ez-toc-section-end\"><\/span><\/h2>\n\n\n\n<p>Com um <strong>transfer<\/strong> direto do <strong>Aeroporto de Porto Seguro para Trancoso<\/strong>, voc\u00ea aproveitar\u00e1 a chegada encantadora a essa bela regi\u00e3o da Bahia. Reserve com anteced\u00eancia, escolha o caminho ideal e conte com taxistas confi\u00e1veis para garantir que sua jornada comece em grande estilo. Embarque nessa aventura e viva momentos inesquec\u00edveis em Trancoso!<\/p>\n\n\n\n<hr class=\"wp-block-separator has-alpha-channel-opacity is-style-wide\"\/>\n\n\n\n<p>Siga-nos no Instagram:<\/p>\n\n\n\n<ul class=\"wp-block-social-links has-large-icon-size has-icon-color is-style-logos-only is-content-justification-center is-layout-flex wp-container-core-social-links-is-layout-a89b3969 wp-block-social-links-is-layout-flex\"><li style=\"color: #abc310; \" class=\"wp-social-link wp-social-link-instagram  wp-block-social-link\"><a rel=\"noopener nofollow\" target=\"_blank\" href=\"https:\/\/www.instagram.com\/partiu_trancoso\" class=\"wp-block-social-link-anchor\"><svg width=\"24\" height=\"24\" viewBox=\"0 0 24 24\" version=\"1.1\" xmlns=\"http:\/\/www.w3.org\/2000\/svg\" aria-hidden=\"true\" focusable=\"false\"><path d=\"M12,4.622c2.403,0,2.688,0.009,3.637,0.052c0.877,0.04,1.354,0.187,1.671,0.31c0.42,0.163,0.72,0.358,1.035,0.673 c0.315,0.315,0.51,0.615,0.673,1.035c0.123,0.317,0.27,0.794,0.31,1.671c0.043,0.949,0.052,1.234,0.052,3.637 s-0.009,2.688-0.052,3.637c-0.04,0.877-0.187,1.354-0.31,1.671c-0.163,0.42-0.358,0.72-0.673,1.035 c-0.315,0.315-0.615,0.51-1.035,0.673c-0.317,0.123-0.794,0.27-1.671,0.31c-0.949,0.043-1.233,0.052-3.637,0.052 s-2.688-0.009-3.637-0.052c-0.877-0.04-1.354-0.187-1.671-0.31c-0.42-0.163-0.72-0.358-1.035-0.673 c-0.315-0.315-0.51-0.615-0.673-1.035c-0.123-0.317-0.27-0.794-0.31-1.671C4.631,14.688,4.622,14.403,4.622,12 s0.009-2.688,0.052-3.637c0.04-0.877,0.187-1.354,0.31-1.671c0.163-0.42,0.358-0.72,0.673-1.035 c0.315-0.315,0.615-0.51,1.035-0.673c0.317-0.123,0.794-0.27,1.671-0.31C9.312,4.631,9.597,4.622,12,4.622 M12,3 C9.556,3,9.249,3.01,8.289,3.054C7.331,3.098,6.677,3.25,6.105,3.472C5.513,3.702,5.011,4.01,4.511,4.511 c-0.5,0.5-0.808,1.002-1.038,1.594C3.25,6.677,3.098,7.331,3.054,8.289C3.01,9.249,3,9.556,3,12c0,2.444,0.01,2.751,0.054,3.711 c0.044,0.958,0.196,1.612,0.418,2.185c0.23,0.592,0.538,1.094,1.038,1.594c0.5,0.5,1.002,0.808,1.594,1.038 c0.572,0.222,1.227,0.375,2.185,0.418C9.249,20.99,9.556,21,12,21s2.751-0.01,3.711-0.054c0.958-0.044,1.612-0.196,2.185-0.418 c0.592-0.23,1.094-0.538,1.594-1.038c0.5-0.5,0.808-1.002,1.038-1.594c0.222-0.572,0.375-1.227,0.418-2.185 C20.99,14.751,21,14.444,21,12s-0.01-2.751-0.054-3.711c-0.044-0.958-0.196-1.612-0.418-2.185c-0.23-0.592-0.538-1.094-1.038-1.594 c-0.5-0.5-1.002-0.808-1.594-1.038c-0.572-0.222-1.227-0.375-2.185-0.418C14.751,3.01,14.444,3,12,3L12,3z M12,7.378 c-2.552,0-4.622,2.069-4.622,4.622S9.448,16.622,12,16.622s4.622-2.069,4.622-4.622S14.552,7.378,12,7.378z M12,15 c-1.657,0-3-1.343-3-3s1.343-3,3-3s3,1.343,3,3S13.657,15,12,15z M16.804,6.116c-0.596,0-1.08,0.484-1.08,1.08 s0.484,1.08,1.08,1.08c0.596,0,1.08-0.484,1.08-1.08S17.401,6.116,16.804,6.116z\"><\/path><\/svg><span class=\"wp-block-social-link-label screen-reader-text\">Partiu Trancoso!<\/span><\/a><\/li><\/ul>\n","protected":false},"excerpt":{"rendered":"<p>Contatos de Taxistas Confi\u00e1veis para seu transfer: Conhe\u00e7a Alguns dos Melhores em Trancoso Para facilitar ainda mais sua jornada, apresentamos abaixo alguns nomes de taxistas de Trancoso que s\u00e3o conhecidos por oferecerem um excelente servi\u00e7o de transfer aos viajantes: Esses profissionais est\u00e3o prontos para garantir que voc\u00ea tenha uma experi\u00eancia de transfer memor\u00e1vel e segura, [&hellip;]<\/p>\n","protected":false},"author":1,"featured_media":1440,"parent":0,"menu_order":0,"comment_status":"closed","ping_status":"closed","template":"","meta":{"om_disable_all_campaigns":false,"_uag_custom_page_level_css":"","site-sidebar-layout":"default","site-content-layout":"","ast-site-content-layout":"default","site-content-style":"default","site-sidebar-style":"default","ast-global-header-display":"","ast-banner-title-visibility":"","ast-main-header-display":"","ast-hfb-above-header-display":"","ast-hfb-below-header-display":"","ast-hfb-mobile-header-display":"","site-post-title":"","ast-breadcrumbs-content":"","ast-featured-img":"","footer-sml-layout":"","theme-transparent-header-meta":"","adv-header-id-meta":"","stick-header-meta":"","header-above-stick-meta":"","header-main-stick-meta":"","header-below-stick-meta":"","astra-migrate-meta-layouts":"set","ast-page-background-enabled":"default","ast-page-background-meta":{"desktop":{"background-color":"","background-image":"","background-repeat":"repeat","background-position":"center center","background-size":"auto","background-attachment":"scroll","background-type":"","background-media":"","overlay-type":"","overlay-color":"","overlay-gradient":""},"tablet":{"background-color":"","background-image":"","background-repeat":"repeat","background-position":"center center","background-size":"auto","background-attachment":"scroll","background-type":"","background-media":"","overlay-type":"","overlay-color":"","overlay-gradient":""},"mobile":{"background-color":"","background-image":"","background-repeat":"repeat","background-position":"center center","background-size":"auto","background-attachment":"scroll","background-type":"","background-media":"","overlay-type":"","overlay-color":"","overlay-gradient":""}},"ast-content-background-meta":{"desktop":{"background-color":"var(--ast-global-color-5)","background-image":"","background-repeat":"repeat","background-position":"center center","background-size":"auto","background-attachment":"scroll","background-type":"","background-media":"","overlay-type":"","overlay-color":"","overlay-gradient":""},"tablet":{"background-color":"var(--ast-global-color-5)","background-image":"","background-repeat":"repeat","background-position":"center center","background-size":"auto","background-attachment":"scroll","background-type":"","background-media":"","overlay-type":"","overlay-color":"","overlay-gradient":""},"mobile":{"background-color":"var(--ast-global-color-5)","background-image":"","background-repeat":"repeat","background-position":"center center","background-size":"auto","background-attachment":"scroll","background-type":"","background-media":"","overlay-type":"","overlay-color":"","overlay-gradient":""}},"footnotes":""},"class_list":["post-50","page","type-page","status-publish","has-post-thumbnail","hentry"],"aioseo_notices":[],"uagb_featured_image_src":{"full":["https:\/\/partiutrancoso.com.br\/wp-content\/uploads\/2023\/08\/pexels-nubia-navarro-nubikini-386025.jpg",1280,853,false],"thumbnail":["https:\/\/partiutrancoso.com.br\/wp-content\/uploads\/2023\/08\/pexels-nubia-navarro-nubikini-386025-150x150.jpg",150,150,true],"medium":["https:\/\/partiutrancoso.com.br\/wp-content\/uploads\/2023\/08\/pexels-nubia-navarro-nubikini-386025-300x200.jpg",300,200,true],"medium_large":["https:\/\/partiutrancoso.com.br\/wp-content\/uploads\/2023\/08\/pexels-nubia-navarro-nubikini-386025-768x512.jpg",768,512,true],"large":["https:\/\/partiutrancoso.com.br\/wp-content\/uploads\/2023\/08\/pexels-nubia-navarro-nubikini-386025-1024x682.jpg",1024,682,true],"1536x1536":["https:\/\/partiutrancoso.com.br\/wp-content\/uploads\/2023\/08\/pexels-nubia-navarro-nubikini-386025.jpg",1280,853,false],"2048x2048":["https:\/\/partiutrancoso.com.br\/wp-content\/uploads\/2023\/08\/pexels-nubia-navarro-nubikini-386025.jpg",1280,853,false]},"uagb_author_info":{"display_name":"Partiu Trancoso","author_link":"https:\/\/partiutrancoso.com.br\/index.php\/author\/jorge\/"},"uagb_comment_info":0,"uagb_excerpt":"Contatos de Taxistas Confi\u00e1veis para seu transfer: Conhe\u00e7a Alguns dos Melhores em Trancoso Para facilitar ainda mais sua jornada, apresentamos abaixo alguns nomes de taxistas de Trancoso que s\u00e3o conhecidos por oferecerem um excelente servi\u00e7o de transfer aos viajantes: Esses profissionais est\u00e3o prontos para garantir que voc\u00ea tenha uma experi\u00eancia de transfer memor\u00e1vel e segura,&hellip;","_links":{"self":[{"href":"https:\/\/partiutrancoso.com.br\/index.php\/wp-json\/wp\/v2\/pages\/50","targetHints":{"allow":["GET"]}}],"collection":[{"href":"https:\/\/partiutrancoso.com.br\/index.php\/wp-json\/wp\/v2\/pages"}],"about":[{"href":"https:\/\/partiutrancoso.com.br\/index.php\/wp-json\/wp\/v2\/types\/page"}],"author":[{"embeddable":true,"href":"https:\/\/partiutrancoso.com.br\/index.php\/wp-json\/wp\/v2\/users\/1"}],"replies":[{"embeddable":true,"href":"https:\/\/partiutrancoso.com.br\/index.php\/wp-json\/wp\/v2\/comments?post=50"}],"version-history":[{"count":71,"href":"https:\/\/partiutrancoso.com.br\/index.php\/wp-json\/wp\/v2\/pages\/50\/revisions"}],"predecessor-version":[{"id":1713,"href":"https:\/\/partiutrancoso.com.br\/index.php\/wp-json\/wp\/v2\/pages\/50\/revisions\/1713"}],"wp:featuredmedia":[{"embeddable":true,"href":"https:\/\/partiutrancoso.com.br\/index.php\/wp-json\/wp\/v2\/media\/1440"}],"wp:attachment":[{"href":"https:\/\/partiutrancoso.com.br\/index.php\/wp-json\/wp\/v2\/media?parent=50"}],"curies":[{"name":"wp","href":"https:\/\/api.w.org\/{rel}","templated":true}]}}