{"id":57,"date":"2023-04-01T19:10:03","date_gmt":"2023-04-01T22:10:03","guid":{"rendered":"https:\/\/partiutrancoso.com.br\/?page_id=57"},"modified":"2023-08-28T18:05:10","modified_gmt":"2023-08-28T21:05:10","slug":"aeroporto-trancoso-em-carro-de-aluguel","status":"publish","type":"page","link":"https:\/\/partiutrancoso.com.br\/index.php\/aeroporto-trancoso-em-carro-de-aluguel\/","title":{"rendered":"Os 3 Caminhos Para Chegar do Aeroporto at\u00e9 Trancoso em Carro de Aluguel"},"content":{"rendered":"\n<p>Se voc\u00ea est\u00e1 planejando uma viagem com um grupo, pretende desfrutar de uma estadia prolongada e deseja explorar v\u00e1rios lugares, uma op\u00e7\u00e3o fant\u00e1stica \u00e9 alugar um carro diretamente no aeroporto. Al\u00e9m de oferecer uma rela\u00e7\u00e3o custo-benef\u00edcio mais vantajosa em compara\u00e7\u00e3o com t\u00e1xis, essa escolha proporciona uma flexibilidade incr\u00edvel.<\/p>\n\n\n\n<p>Diversas empresas de aluguel de carros disponibilizam uma ampla variedade de ve\u00edculos e possuem estacionamentos ao lado do terminal, o que facilita muito a sua locomo\u00e7\u00e3o. As estradas que levam a Trancoso s\u00e3o pavimentadas, o que significa que um carro comum \u00e9 suficiente para realizar essa viagem incr\u00edvel.<\/p>\n\n\n\n<p>No entanto, se voc\u00ea tiver planos de visitar as deslumbrantes praias do Espelho ou de Cara\u00edva, que exigem o uso de estradas de terra, \u00e9 recomend\u00e1vel optar por um carro com uma suspens\u00e3o mais elevada, principalmente durante a temporada de chuvas. \u00c9 sempre uma boa pr\u00e1tica fazer a reserva do ve\u00edculo com anteced\u00eancia, garantindo assim sua disponibilidade e acesso aos melhores pre\u00e7os.<\/p>\n\n\n\n<div style=\"height:41px\" aria-hidden=\"true\" class=\"wp-block-spacer\"><\/div>\n\n\n\n<div class=\"wp-block-group is-content-justification-center is-nowrap is-layout-flex wp-container-core-group-is-layout-23441af8 wp-block-group-is-layout-flex\">\n<object data=\"https:\/\/widgets.rentcars.com\/widget-v3.html?requestor=6912&#038;locale=pt-br&#038;utm_source=partiutrancoso.com.br&#038;utm_medium=afiliado-widget\" width=\"300\" height=\"330\" ><\/object>\n<\/div>\n\n\n\n<hr class=\"wp-block-separator has-alpha-channel-opacity is-style-wide\"\/>\n\n\n\n<div id=\"ez-toc-container\" class=\"ez-toc-v2_0_82_2 counter-hierarchy ez-toc-counter ez-toc-grey ez-toc-container-direction\">\n<div class=\"ez-toc-title-container\">\n<p class=\"ez-toc-title\" style=\"cursor:inherit\">Tabela de Conte\u00fados<\/p>\n<span class=\"ez-toc-title-toggle\"><a href=\"#\" class=\"ez-toc-pull-right ez-toc-btn ez-toc-btn-xs ez-toc-btn-default ez-toc-toggle\" aria-label=\"Alternar tabela de conte\u00fado\"><span class=\"ez-toc-js-icon-con\"><span class=\"\"><span class=\"eztoc-hide\" style=\"display:none;\">Toggle<\/span><span class=\"ez-toc-icon-toggle-span\"><svg style=\"fill: #999;color:#999\" xmlns=\"http:\/\/www.w3.org\/2000\/svg\" class=\"list-377408\" width=\"20px\" height=\"20px\" viewBox=\"0 0 24 24\" fill=\"none\"><path d=\"M6 6H4v2h2V6zm14 0H8v2h12V6zM4 11h2v2H4v-2zm16 0H8v2h12v-2zM4 16h2v2H4v-2zm16 0H8v2h12v-2z\" fill=\"currentColor\"><\/path><\/svg><svg style=\"fill: #999;color:#999\" class=\"arrow-unsorted-368013\" xmlns=\"http:\/\/www.w3.org\/2000\/svg\" width=\"10px\" height=\"10px\" viewBox=\"0 0 24 24\" version=\"1.2\" baseProfile=\"tiny\"><path d=\"M18.2 9.3l-6.2-6.3-6.2 6.3c-.2.2-.3.4-.3.7s.1.5.3.7c.2.2.4.3.7.3h11c.3 0 .5-.1.7-.3.2-.2.3-.5.3-.7s-.1-.5-.3-.7zM5.8 14.7l6.2 6.3 6.2-6.3c.2-.2.3-.5.3-.7s-.1-.5-.3-.7c-.2-.2-.4-.3-.7-.3h-11c-.3 0-.5.1-.7.3-.2.2-.3.5-.3.7s.1.5.3.7z\"\/><\/svg><\/span><\/span><\/span><\/a><\/span><\/div>\n<nav><ul class='ez-toc-list ez-toc-list-level-1 ' ><li class='ez-toc-page-1 ez-toc-heading-level-2'><a class=\"ez-toc-link ez-toc-heading-1\" href=\"https:\/\/partiutrancoso.com.br\/index.php\/aeroporto-trancoso-em-carro-de-aluguel\/#Como_Chegar_do_Aeroporto_ate_Trancoso_de_Carro\" >Como Chegar do Aeroporto at\u00e9 Trancoso de Carro:<\/a><\/li><li class='ez-toc-page-1 ez-toc-heading-level-2'><a class=\"ez-toc-link ez-toc-heading-2\" href=\"https:\/\/partiutrancoso.com.br\/index.php\/aeroporto-trancoso-em-carro-de-aluguel\/#1_Pela_Estrada_de_Asfalto\" >1. Pela Estrada de Asfalto:<\/a><\/li><li class='ez-toc-page-1 ez-toc-heading-level-2'><a class=\"ez-toc-link ez-toc-heading-3\" href=\"https:\/\/partiutrancoso.com.br\/index.php\/aeroporto-trancoso-em-carro-de-aluguel\/#2_Pela_Balsa_e_a_Estrada_de_Asfalto\" >2. Pela Balsa e a Estrada de Asfalto:<\/a><\/li><li class='ez-toc-page-1 ez-toc-heading-level-2'><a class=\"ez-toc-link ez-toc-heading-4\" href=\"https:\/\/partiutrancoso.com.br\/index.php\/aeroporto-trancoso-em-carro-de-aluguel\/#3_Pela_Balsa_e_a_Estrada_de_Terra\" >3. Pela Balsa e a Estrada de Terra:<\/a><\/li><\/ul><\/nav><\/div>\n<h2 class=\"wp-block-heading\" id=\"aioseo-como-chegar-desde-o-aeroporto-de-carro\"><span class=\"ez-toc-section\" id=\"Como_Chegar_do_Aeroporto_ate_Trancoso_de_Carro\"><\/span><strong>Como Chegar do Aeroporto at\u00e9 Trancoso de Carro:<\/strong><span class=\"ez-toc-section-end\"><\/span><\/h2>\n\n\n\n<p>Se voc\u00ea estiver considerando a op\u00e7\u00e3o de chegar a Trancoso de carro a partir do Aeroporto de Porto Seguro, h\u00e1 tr\u00eas caminhos dispon\u00edveis: atrav\u00e9s da estrada de asfalto (78 km), pela balsa e a estrada asfaltada (47 km) ou pela balsa e a estrada de terra (30 km).<\/p>\n\n\n\n<p>O tempo de viagem \u00e9 semelhante em todas as tr\u00eas op\u00e7\u00f5es, levando aproximadamente 1 hora e 30 minutos para alcan\u00e7ar o destino desejado. No entanto, \u00e9 importante ressaltar que a estrada de terra \u00e9 a menos recomendada, especialmente durante a temporada de chuvas. Nas outras duas op\u00e7\u00f5es, a escolha depender\u00e1 da \u00e9poca do ano.<\/p>\n\n\n\n<p>Durante a alta temporada ou feriados prolongados, \u00e9 aconselh\u00e1vel evitar poss\u00edveis filas para a balsa. Por outro lado, em per\u00edodos mais tranquilos, pode ser uma experi\u00eancia encantadora para os turistas navegar pelo rio Buranh\u00e9m. Em rela\u00e7\u00e3o aos custos, \u00e9 importante considerar que o que voc\u00ea economiza em combust\u00edvel ser\u00e1 gasto na passagem da balsa, sendo o tempo de viagem semelhante nas duas op\u00e7\u00f5es.<\/p>\n\n\n\n<p>Vamos agora detalhar cada uma das tr\u00eas op\u00e7\u00f5es para chegar a Trancoso de carro saindo do Aeroporto de Porto Seguro:<\/p>\n\n\n\n<hr class=\"wp-block-separator has-alpha-channel-opacity is-style-wide\"\/>\n\n\n\n<h2 class=\"wp-block-heading\" id=\"aioseo-pela-estrada-de-asfalto\"><span class=\"ez-toc-section\" id=\"1_Pela_Estrada_de_Asfalto\"><\/span><strong>1. Pela Estrada de Asfalto:<\/strong><span class=\"ez-toc-section-end\"><\/span><\/h2>\n\n\n\n<p>Como mencionado anteriormente, a estrada asfaltada pode ser a melhor op\u00e7\u00e3o durante a alta temporada, quando as filas para a balsa s\u00e3o mais longas. Para chegar a Trancoso saindo de Porto Seguro, voc\u00ea deve seguir pela BR-367 at\u00e9 chegar a uma interse\u00e7\u00e3o que indica a entrada para a BA-001, em dire\u00e7\u00e3o a Trancoso e Arraial D&#8217;Ajuda.<\/p>\n\n\n\n<figure class=\"wp-block-image size-full\"><img loading=\"lazy\" decoding=\"async\" width=\"930\" height=\"632\" src=\"https:\/\/partiutrancoso.com.br\/wp-content\/uploads\/2023\/04\/Como-Chegar-desde-Aeroporto-ate-Trancoso.jpg\" alt=\"\" class=\"wp-image-34\" srcset=\"https:\/\/partiutrancoso.com.br\/wp-content\/uploads\/2023\/04\/Como-Chegar-desde-Aeroporto-ate-Trancoso.jpg 930w, https:\/\/partiutrancoso.com.br\/wp-content\/uploads\/2023\/04\/Como-Chegar-desde-Aeroporto-ate-Trancoso-300x204.jpg 300w, https:\/\/partiutrancoso.com.br\/wp-content\/uploads\/2023\/04\/Como-Chegar-desde-Aeroporto-ate-Trancoso-768x522.jpg 768w\" sizes=\"auto, (max-width: 930px) 100vw, 930px\" \/><\/figure>\n\n\n\n<p>Esse trajeto segue pelo asfalto e possui uma dist\u00e2ncia de aproximadamente 78 km, com dura\u00e7\u00e3o de aproximadamente 1 hora e 25 minutos.<\/p>\n\n\n\n<figure class=\"wp-block-image size-full\"><img loading=\"lazy\" decoding=\"async\" width=\"930\" height=\"632\" src=\"https:\/\/partiutrancoso.com.br\/wp-content\/uploads\/2023\/04\/Como-Chegar-desde-Aeroporto-ate-Trancoso-6.jpg\" alt=\"\" class=\"wp-image-33\" srcset=\"https:\/\/partiutrancoso.com.br\/wp-content\/uploads\/2023\/04\/Como-Chegar-desde-Aeroporto-ate-Trancoso-6.jpg 930w, https:\/\/partiutrancoso.com.br\/wp-content\/uploads\/2023\/04\/Como-Chegar-desde-Aeroporto-ate-Trancoso-6-300x204.jpg 300w, https:\/\/partiutrancoso.com.br\/wp-content\/uploads\/2023\/04\/Como-Chegar-desde-Aeroporto-ate-Trancoso-6-768x522.jpg 768w\" sizes=\"auto, (max-width: 930px) 100vw, 930px\" \/><\/figure>\n\n\n\n<p>Na imagem acima, \u00e9 poss\u00edvel visualizar o ponto em que voc\u00ea deve pegar a BA-001 em dire\u00e7\u00e3o a Trancoso e Arraial D&#8217;Ajuda. No entanto, \u00e9 essencial dirigir com cuidado ao longo dessa estrada, pois pode haver pedestres, buracos e animais atravessando.<\/p>\n\n\n\n<hr class=\"wp-block-separator has-alpha-channel-opacity is-style-wide\"\/>\n\n\n\n<h2 class=\"wp-block-heading\" id=\"aioseo-pela-balsa-e-a-estrada-de-asfalto\"><span class=\"ez-toc-section\" id=\"2_Pela_Balsa_e_a_Estrada_de_Asfalto\"><\/span><strong>2. Pela Balsa e a Estrada de Asfalto:<\/strong><span class=\"ez-toc-section-end\"><\/span><\/h2>\n\n\n\n<p>Seguir esse percurso utilizando um navegador pode ser um desafio, j\u00e1 que alguns aplicativos, como o Google Maps, n\u00e3o indicam essa op\u00e7\u00e3o. Ao inv\u00e9s disso, eles limitam-se a mostrar as outras duas op\u00e7\u00f5es: pela estrada que contorna o rio ou pela balsa e a estrada de terra.<\/p>\n\n\n\n<figure class=\"wp-block-image size-full\"><img loading=\"lazy\" decoding=\"async\" width=\"930\" height=\"632\" src=\"https:\/\/partiutrancoso.com.br\/wp-content\/uploads\/2023\/04\/Como-Chegar-desde-Aeroporto-ate-Trancoso-3.jpg\" alt=\"\" class=\"wp-image-30\" srcset=\"https:\/\/partiutrancoso.com.br\/wp-content\/uploads\/2023\/04\/Como-Chegar-desde-Aeroporto-ate-Trancoso-3.jpg 930w, https:\/\/partiutrancoso.com.br\/wp-content\/uploads\/2023\/04\/Como-Chegar-desde-Aeroporto-ate-Trancoso-3-300x204.jpg 300w, https:\/\/partiutrancoso.com.br\/wp-content\/uploads\/2023\/04\/Como-Chegar-desde-Aeroporto-ate-Trancoso-3-768x522.jpg 768w\" sizes=\"auto, (max-width: 930px) 100vw, 930px\" \/><\/figure>\n\n\n\n<p>Para visualizar essa rota no navegador, \u00e9 necess\u00e1rio fixar dois pontos no mapa (identificados como pontos brancos com o texto &#8220;Arraial D&#8217;Ajuda&#8221;), uma vez que o Google Maps tende a sugerir o caminho pela estrada de terra. A seguir, explicaremos detalhadamente as instru\u00e7\u00f5es para chegar a Trancoso.<\/p>\n\n\n\n<figure class=\"wp-block-image size-full\"><img loading=\"lazy\" decoding=\"async\" width=\"930\" height=\"632\" src=\"https:\/\/partiutrancoso.com.br\/wp-content\/uploads\/2023\/04\/Como-Chegar-desde-Aeroporto-ate-Trancoso-4.jpg\" alt=\"\" class=\"wp-image-31\" srcset=\"https:\/\/partiutrancoso.com.br\/wp-content\/uploads\/2023\/04\/Como-Chegar-desde-Aeroporto-ate-Trancoso-4.jpg 930w, https:\/\/partiutrancoso.com.br\/wp-content\/uploads\/2023\/04\/Como-Chegar-desde-Aeroporto-ate-Trancoso-4-300x204.jpg 300w, https:\/\/partiutrancoso.com.br\/wp-content\/uploads\/2023\/04\/Como-Chegar-desde-Aeroporto-ate-Trancoso-4-768x522.jpg 768w\" sizes=\"auto, (max-width: 930px) 100vw, 930px\" \/><\/figure>\n\n\n\n<p>Ao sair de Arraial D&#8217;Ajuda e seguir as instru\u00e7\u00f5es do navegador, ele nos indicar\u00e1 que viremos \u00e0 esquerda em uma determinada interse\u00e7\u00e3o. Caso sigamos essa indica\u00e7\u00e3o, continuaremos pela estrada de terra. No entanto, se prosseguirmos em frente, chegaremos a Trancoso atrav\u00e9s da estrada asfaltada. Infelizmente, as placas n\u00e3o s\u00e3o claras nesse ponto. Ent\u00e3o, basta continuar em frente pelo asfalto at\u00e9 a pr\u00f3xima interse\u00e7\u00e3o.<\/p>\n\n\n\n<figure class=\"wp-block-image size-full is-resized\"><img loading=\"lazy\" decoding=\"async\" src=\"https:\/\/partiutrancoso.com.br\/wp-content\/uploads\/2023\/04\/Como-Chegar-desde-Aeroporto-ate-Trancoso-5.jpg\" alt=\"\" class=\"wp-image-32\" width=\"840\" height=\"570\" srcset=\"https:\/\/partiutrancoso.com.br\/wp-content\/uploads\/2023\/04\/Como-Chegar-desde-Aeroporto-ate-Trancoso-5.jpg 930w, https:\/\/partiutrancoso.com.br\/wp-content\/uploads\/2023\/04\/Como-Chegar-desde-Aeroporto-ate-Trancoso-5-300x204.jpg 300w, https:\/\/partiutrancoso.com.br\/wp-content\/uploads\/2023\/04\/Como-Chegar-desde-Aeroporto-ate-Trancoso-5-768x522.jpg 768w\" sizes=\"auto, (max-width: 840px) 100vw, 840px\" \/><\/figure>\n\n\n\n<p>Chegaremos a essa interse\u00e7\u00e3o, onde faremos uma virada \u00e0 esquerda, seguindo as indica\u00e7\u00f5es da sinaliza\u00e7\u00e3o. \u00c9 importante tomar cuidado nesse cruzamento, pois os carros que v\u00eam pela esquerda costumam descer em alta velocidade. Agora, basta seguir o caminho at\u00e9 Trancoso.<\/p>\n\n\n\n<hr class=\"wp-block-separator has-alpha-channel-opacity is-style-wide\"\/>\n\n\n\n<h2 class=\"wp-block-heading\" id=\"aioseo-pela-balsa-e-a-estrada-de-terra\"><span class=\"ez-toc-section\" id=\"3_Pela_Balsa_e_a_Estrada_de_Terra\"><\/span><strong>3. Pela Balsa e a Estrada de Terra:<\/strong><span class=\"ez-toc-section-end\"><\/span><\/h2>\n\n\n\n<p>Esse percurso \u00e9 mais f\u00e1cil, pois \u00e9 indicado pelo navegador. Ao sair de Arraial D&#8217;Ajuda, na interse\u00e7\u00e3o onde anteriormente seguimos em frente, agora faremos uma virada \u00e0 esquerda para entrar na estrada de terra. Veja o mapa e a imagem da interse\u00e7\u00e3o para se orientar melhor.<\/p>\n\n\n\n<figure class=\"wp-block-image size-full\"><img loading=\"lazy\" decoding=\"async\" width=\"930\" height=\"632\" src=\"https:\/\/partiutrancoso.com.br\/wp-content\/uploads\/2023\/04\/Como-Chegar-desde-Aeroporto-ate-Trancoso-2.jpg\" alt=\"\" class=\"wp-image-29\" srcset=\"https:\/\/partiutrancoso.com.br\/wp-content\/uploads\/2023\/04\/Como-Chegar-desde-Aeroporto-ate-Trancoso-2.jpg 930w, https:\/\/partiutrancoso.com.br\/wp-content\/uploads\/2023\/04\/Como-Chegar-desde-Aeroporto-ate-Trancoso-2-300x204.jpg 300w, https:\/\/partiutrancoso.com.br\/wp-content\/uploads\/2023\/04\/Como-Chegar-desde-Aeroporto-ate-Trancoso-2-768x522.jpg 768w\" sizes=\"auto, (max-width: 930px) 100vw, 930px\" \/><\/figure>\n\n\n\n<figure class=\"wp-block-image size-full is-resized\"><img loading=\"lazy\" decoding=\"async\" src=\"https:\/\/partiutrancoso.com.br\/wp-content\/uploads\/2023\/04\/Como-Chegar-desde-Aeroporto-ate-Trancoso-4.jpg\" alt=\"\" class=\"wp-image-31\" width=\"840\" height=\"570\" srcset=\"https:\/\/partiutrancoso.com.br\/wp-content\/uploads\/2023\/04\/Como-Chegar-desde-Aeroporto-ate-Trancoso-4.jpg 930w, https:\/\/partiutrancoso.com.br\/wp-content\/uploads\/2023\/04\/Como-Chegar-desde-Aeroporto-ate-Trancoso-4-300x204.jpg 300w, https:\/\/partiutrancoso.com.br\/wp-content\/uploads\/2023\/04\/Como-Chegar-desde-Aeroporto-ate-Trancoso-4-768x522.jpg 768w\" sizes=\"auto, (max-width: 840px) 100vw, 840px\" \/><\/figure>\n\n\n\n<p>Na imagem, ao virarmos \u00e0 esquerda na interse\u00e7\u00e3o, ingressamos na estrada de terra. Ao longo desse trajeto, passaremos pela praia de Taipe e pelo condom\u00ednio Terravista, entre outros pontos tur\u00edsticos. Ao continuar em frente, chegaremos a Trancoso. Em per\u00edodos chuvosos, \u00e9 importante verificar as condi\u00e7\u00f5es da estrada ou considerar evitar esse percurso.<\/p>\n\n\n\n<div style=\"height:41px\" aria-hidden=\"true\" class=\"wp-block-spacer\"><\/div>\n\n\n\n<div class=\"wp-block-group is-content-justification-center is-nowrap is-layout-flex wp-container-core-group-is-layout-23441af8 wp-block-group-is-layout-flex\">\n<object data=\"https:\/\/widgets.rentcars.com\/widget-v3.html?requestor=6912&#038;locale=pt-br&#038;utm_source=partiutrancoso.com.br&#038;utm_medium=afiliado-widget\" width=\"300\" height=\"330\" ><\/object>\n<\/div>\n\n\n\n<p>Independentemente da rota escolhida, \u00e9 poss\u00edvel aproveitar a incr\u00edvel beleza natural ao redor durante o trajeto at\u00e9 Trancoso. Prepare-se para uma experi\u00eancia emocionante e cheia de encantos ao viajar de carro para esse destino deslumbrante!<\/p>\n\n\n\n<hr class=\"wp-block-separator has-alpha-channel-opacity is-style-wide\"\/>\n\n\n\n<p>Siga-nos no Instagram:<\/p>\n\n\n\n<ul class=\"wp-block-social-links has-large-icon-size has-icon-color is-style-logos-only is-content-justification-center is-layout-flex wp-container-core-social-links-is-layout-a89b3969 wp-block-social-links-is-layout-flex\"><li style=\"color: #abc310; \" class=\"wp-social-link wp-social-link-instagram  wp-block-social-link\"><a rel=\"noopener nofollow\" target=\"_blank\" href=\"https:\/\/www.instagram.com\/partiu_trancoso\" class=\"wp-block-social-link-anchor\"><svg width=\"24\" height=\"24\" viewBox=\"0 0 24 24\" version=\"1.1\" xmlns=\"http:\/\/www.w3.org\/2000\/svg\" aria-hidden=\"true\" focusable=\"false\"><path d=\"M12,4.622c2.403,0,2.688,0.009,3.637,0.052c0.877,0.04,1.354,0.187,1.671,0.31c0.42,0.163,0.72,0.358,1.035,0.673 c0.315,0.315,0.51,0.615,0.673,1.035c0.123,0.317,0.27,0.794,0.31,1.671c0.043,0.949,0.052,1.234,0.052,3.637 s-0.009,2.688-0.052,3.637c-0.04,0.877-0.187,1.354-0.31,1.671c-0.163,0.42-0.358,0.72-0.673,1.035 c-0.315,0.315-0.615,0.51-1.035,0.673c-0.317,0.123-0.794,0.27-1.671,0.31c-0.949,0.043-1.233,0.052-3.637,0.052 s-2.688-0.009-3.637-0.052c-0.877-0.04-1.354-0.187-1.671-0.31c-0.42-0.163-0.72-0.358-1.035-0.673 c-0.315-0.315-0.51-0.615-0.673-1.035c-0.123-0.317-0.27-0.794-0.31-1.671C4.631,14.688,4.622,14.403,4.622,12 s0.009-2.688,0.052-3.637c0.04-0.877,0.187-1.354,0.31-1.671c0.163-0.42,0.358-0.72,0.673-1.035 c0.315-0.315,0.615-0.51,1.035-0.673c0.317-0.123,0.794-0.27,1.671-0.31C9.312,4.631,9.597,4.622,12,4.622 M12,3 C9.556,3,9.249,3.01,8.289,3.054C7.331,3.098,6.677,3.25,6.105,3.472C5.513,3.702,5.011,4.01,4.511,4.511 c-0.5,0.5-0.808,1.002-1.038,1.594C3.25,6.677,3.098,7.331,3.054,8.289C3.01,9.249,3,9.556,3,12c0,2.444,0.01,2.751,0.054,3.711 c0.044,0.958,0.196,1.612,0.418,2.185c0.23,0.592,0.538,1.094,1.038,1.594c0.5,0.5,1.002,0.808,1.594,1.038 c0.572,0.222,1.227,0.375,2.185,0.418C9.249,20.99,9.556,21,12,21s2.751-0.01,3.711-0.054c0.958-0.044,1.612-0.196,2.185-0.418 c0.592-0.23,1.094-0.538,1.594-1.038c0.5-0.5,0.808-1.002,1.038-1.594c0.222-0.572,0.375-1.227,0.418-2.185 C20.99,14.751,21,14.444,21,12s-0.01-2.751-0.054-3.711c-0.044-0.958-0.196-1.612-0.418-2.185c-0.23-0.592-0.538-1.094-1.038-1.594 c-0.5-0.5-1.002-0.808-1.594-1.038c-0.572-0.222-1.227-0.375-2.185-0.418C14.751,3.01,14.444,3,12,3L12,3z M12,7.378 c-2.552,0-4.622,2.069-4.622,4.622S9.448,16.622,12,16.622s4.622-2.069,4.622-4.622S14.552,7.378,12,7.378z M12,15 c-1.657,0-3-1.343-3-3s1.343-3,3-3s3,1.343,3,3S13.657,15,12,15z M16.804,6.116c-0.596,0-1.08,0.484-1.08,1.08 s0.484,1.08,1.08,1.08c0.596,0,1.08-0.484,1.08-1.08S17.401,6.116,16.804,6.116z\"><\/path><\/svg><span class=\"wp-block-social-link-label screen-reader-text\">Partiu Trancoso!<\/span><\/a><\/li><\/ul>\n","protected":false},"excerpt":{"rendered":"<p>Se voc\u00ea est\u00e1 planejando uma viagem com um grupo, pretende desfrutar de uma estadia prolongada e deseja explorar v\u00e1rios lugares, uma op\u00e7\u00e3o fant\u00e1stica \u00e9 alugar um carro diretamente no aeroporto. Al\u00e9m de oferecer uma rela\u00e7\u00e3o custo-benef\u00edcio mais vantajosa em compara\u00e7\u00e3o com t\u00e1xis, essa escolha proporciona uma flexibilidade incr\u00edvel. Diversas empresas de aluguel de carros disponibilizam [&hellip;]<\/p>\n","protected":false},"author":1,"featured_media":20,"parent":0,"menu_order":0,"comment_status":"closed","ping_status":"closed","template":"","meta":{"om_disable_all_campaigns":false,"_uag_custom_page_level_css":"","site-sidebar-layout":"default","site-content-layout":"","ast-site-content-layout":"","site-content-style":"default","site-sidebar-style":"default","ast-global-header-display":"","ast-banner-title-visibility":"","ast-main-header-display":"","ast-hfb-above-header-display":"","ast-hfb-below-header-display":"","ast-hfb-mobile-header-display":"","site-post-title":"","ast-breadcrumbs-content":"","ast-featured-img":"","footer-sml-layout":"","theme-transparent-header-meta":"","adv-header-id-meta":"","stick-header-meta":"","header-above-stick-meta":"","header-main-stick-meta":"","header-below-stick-meta":"","astra-migrate-meta-layouts":"default","ast-page-background-enabled":"default","ast-page-background-meta":{"desktop":{"background-color":"","background-image":"","background-repeat":"repeat","background-position":"center center","background-size":"auto","background-attachment":"scroll","background-type":"","background-media":"","overlay-type":"","overlay-color":"","overlay-gradient":""},"tablet":{"background-color":"","background-image":"","background-repeat":"repeat","background-position":"center center","background-size":"auto","background-attachment":"scroll","background-type":"","background-media":"","overlay-type":"","overlay-color":"","overlay-gradient":""},"mobile":{"background-color":"","background-image":"","background-repeat":"repeat","background-position":"center center","background-size":"auto","background-attachment":"scroll","background-type":"","background-media":"","overlay-type":"","overlay-color":"","overlay-gradient":""}},"ast-content-background-meta":{"desktop":{"background-color":"var(--ast-global-color-5)","background-image":"","background-repeat":"repeat","background-position":"center center","background-size":"auto","background-attachment":"scroll","background-type":"","background-media":"","overlay-type":"","overlay-color":"","overlay-gradient":""},"tablet":{"background-color":"var(--ast-global-color-5)","background-image":"","background-repeat":"repeat","background-position":"center center","background-size":"auto","background-attachment":"scroll","background-type":"","background-media":"","overlay-type":"","overlay-color":"","overlay-gradient":""},"mobile":{"background-color":"var(--ast-global-color-5)","background-image":"","background-repeat":"repeat","background-position":"center center","background-size":"auto","background-attachment":"scroll","background-type":"","background-media":"","overlay-type":"","overlay-color":"","overlay-gradient":""}},"footnotes":""},"class_list":["post-57","page","type-page","status-publish","has-post-thumbnail","hentry"],"aioseo_notices":[],"uagb_featured_image_src":{"full":["https:\/\/partiutrancoso.com.br\/wp-content\/uploads\/2023\/04\/Viajar-para-Trancoso-5.jpg",930,698,false],"thumbnail":["https:\/\/partiutrancoso.com.br\/wp-content\/uploads\/2023\/04\/Viajar-para-Trancoso-5-150x150.jpg",150,150,true],"medium":["https:\/\/partiutrancoso.com.br\/wp-content\/uploads\/2023\/04\/Viajar-para-Trancoso-5-300x225.jpg",300,225,true],"medium_large":["https:\/\/partiutrancoso.com.br\/wp-content\/uploads\/2023\/04\/Viajar-para-Trancoso-5-768x576.jpg",768,576,true],"large":["https:\/\/partiutrancoso.com.br\/wp-content\/uploads\/2023\/04\/Viajar-para-Trancoso-5.jpg",930,698,false],"1536x1536":["https:\/\/partiutrancoso.com.br\/wp-content\/uploads\/2023\/04\/Viajar-para-Trancoso-5.jpg",930,698,false],"2048x2048":["https:\/\/partiutrancoso.com.br\/wp-content\/uploads\/2023\/04\/Viajar-para-Trancoso-5.jpg",930,698,false]},"uagb_author_info":{"display_name":"Partiu Trancoso","author_link":"https:\/\/partiutrancoso.com.br\/index.php\/author\/jorge\/"},"uagb_comment_info":0,"uagb_excerpt":"Se voc\u00ea est\u00e1 planejando uma viagem com um grupo, pretende desfrutar de uma estadia prolongada e deseja explorar v\u00e1rios lugares, uma op\u00e7\u00e3o fant\u00e1stica \u00e9 alugar um carro diretamente no aeroporto. Al\u00e9m de oferecer uma rela\u00e7\u00e3o custo-benef\u00edcio mais vantajosa em compara\u00e7\u00e3o com t\u00e1xis, essa escolha proporciona uma flexibilidade incr\u00edvel. Diversas empresas de aluguel de carros disponibilizam&hellip;","_links":{"self":[{"href":"https:\/\/partiutrancoso.com.br\/index.php\/wp-json\/wp\/v2\/pages\/57","targetHints":{"allow":["GET"]}}],"collection":[{"href":"https:\/\/partiutrancoso.com.br\/index.php\/wp-json\/wp\/v2\/pages"}],"about":[{"href":"https:\/\/partiutrancoso.com.br\/index.php\/wp-json\/wp\/v2\/types\/page"}],"author":[{"embeddable":true,"href":"https:\/\/partiutrancoso.com.br\/index.php\/wp-json\/wp\/v2\/users\/1"}],"replies":[{"embeddable":true,"href":"https:\/\/partiutrancoso.com.br\/index.php\/wp-json\/wp\/v2\/comments?post=57"}],"version-history":[{"count":26,"href":"https:\/\/partiutrancoso.com.br\/index.php\/wp-json\/wp\/v2\/pages\/57\/revisions"}],"predecessor-version":[{"id":1035,"href":"https:\/\/partiutrancoso.com.br\/index.php\/wp-json\/wp\/v2\/pages\/57\/revisions\/1035"}],"wp:featuredmedia":[{"embeddable":true,"href":"https:\/\/partiutrancoso.com.br\/index.php\/wp-json\/wp\/v2\/media\/20"}],"wp:attachment":[{"href":"https:\/\/partiutrancoso.com.br\/index.php\/wp-json\/wp\/v2\/media?parent=57"}],"curies":[{"name":"wp","href":"https:\/\/api.w.org\/{rel}","templated":true}]}}